{"id":303159,"date":"2021-01-02T14:14:25","date_gmt":"2021-01-02T14:14:25","guid":{"rendered":"https:\/\/www.bestrongintl.org\/sobre-nosotros\/"},"modified":"2025-03-05T07:57:10","modified_gmt":"2025-03-05T07:57:10","slug":"sobre-nosotros","status":"publish","type":"page","link":"https:\/\/www.bestrongintl.org\/es\/sobre-nosotros\/","title":{"rendered":"Sobre nosotros"},"content":{"rendered":"<div id=\"pl-303159\"  class=\"panel-layout\" ><div id=\"pg-303159-0\"  class=\"panel-grid panel-has-style\" ><div class=\"panel-row-style panel-row-style-for-303159-0\" ><div id=\"pgc-303159-0-0\"  class=\"panel-grid-cell\" ><div id=\"panel-303159-0-0-0\" class=\"so-panel widget widget_siteorigin-panels-builder panel-first-child\" data-index=\"0\" ><div id=\"pl-w6734ef0223b94\"  class=\"panel-layout\" ><div id=\"pg-w6734ef0223b94-0\"  class=\"panel-grid panel-no-style\" ><div id=\"pgc-w6734ef0223b94-0-0\"  class=\"panel-grid-cell\" ><div id=\"panel-w6734ef0223b94-0-0-0\" class=\"so-panel widget widget_sow-editor panel-first-child panel-last-child\" data-index=\"0\" ><div\n\t\t\t\n\t\t\tclass=\"so-widget-sow-editor so-widget-sow-editor-base\"\n\t\t\t\n\t\t>\n<div class=\"siteorigin-widget-tinymce textwidget\">\n\t<p>La posibilidad de embarazo, de hecho, aument\u00f3 dr\u00e1sticamente cuando estas j\u00f3venes se involucraron en comportamientos de riesgo tempranos como consecuencia de traumas en familias desestructuradas. Muchos de sus alumnos proced\u00edan de hogares monoparentales que carec\u00edan de recursos, conocimientos y habilidades para romper estos patrones generacionales. A ra\u00edz de ello, McMillan se comprometi\u00f3 a educar a j\u00f3venes y padres para que se fomentaran y mantuvieran emocional, mental, f\u00edsica y espiritualmente. En 1992, fund\u00f3 Be Strong International, como organizaci\u00f3n sin \u00e1nimo de lucro 501(c)(3). Hizo crecer la organizaci\u00f3n casi sin ayuda hasta que la comunidad empez\u00f3 a darse cuenta de su impacto. La organizaci\u00f3n recibi\u00f3 su primera subvenci\u00f3n en 1998, y hoy ha ampliado su misi\u00f3n y ayudado a miles de j\u00f3venes y familias. Sab\u00eda que con las herramientas adecuadas, los j\u00f3venes y los padres pod\u00edan tener \u00e9xito y vivir el estilo de vida <a href=\"https:\/\/bestrongintl.org\/\">Be Strong<\/a>.<\/p>\n<\/div>\n<\/div><\/div><\/div><div id=\"pgc-w6734ef0223b94-0-1\"  class=\"panel-grid-cell\" ><div id=\"panel-w6734ef0223b94-0-1-0\" class=\"so-panel widget widget_sow-image panel-first-child panel-last-child\" data-index=\"1\" ><div class=\"panel-widget-style panel-widget-style-for-w6734ef0223b94-0-1-0\" ><div\n\t\t\t\n\t\t\tclass=\"so-widget-sow-image so-widget-sow-image-default-c67d20f9f743\"\n\t\t\t\n\t\t>\n<div class=\"sow-image-container\">\n\t\t<img fetchpriority=\"high\" \n\tsrc=\"https:\/\/www.bestrongintl.org\/wp-content\/uploads\/2021\/01\/aboutimage1.jpg\" width=\"710\" height=\"705\" srcset=\"https:\/\/www.bestrongintl.org\/wp-content\/uploads\/2021\/01\/aboutimage1.jpg 710w, https:\/\/www.bestrongintl.org\/wp-content\/uploads\/2021\/01\/aboutimage1-300x298.jpg 300w, https:\/\/www.bestrongintl.org\/wp-content\/uploads\/2021\/01\/aboutimage1-150x150.jpg 150w\" sizes=\"(max-width: 710px) 100vw, 710px\" title=\"Be Strong Story, Mission and Vision\" alt=\"Be Strong Story, Mission and Vision\" \t\tclass=\"so-widget-image\"\/>\n\t<\/div>\n\n<\/div><\/div><\/div><\/div><\/div><\/div><\/div><div id=\"panel-303159-0-0-1\" class=\"so-panel widget widget_siteorigin-panels-builder panel-last-child\" data-index=\"1\" ><div class=\"panel-widget-style panel-widget-style-for-303159-0-0-1\" ><div id=\"pl-w6734ef0225897\"  class=\"panel-layout\" ><div id=\"pg-w6734ef0225897-0\"  class=\"panel-grid panel-no-style\" ><div id=\"pgc-w6734ef0225897-0-0\"  class=\"panel-grid-cell\" ><div id=\"panel-w6734ef0225897-0-0-0\" class=\"so-panel widget widget_sow-editor panel-first-child panel-last-child\" data-index=\"0\" ><div\n\t\t\t\n\t\t\tclass=\"so-widget-sow-editor so-widget-sow-editor-base\"\n\t\t\t\n\t\t>\n<div class=\"siteorigin-widget-tinymce textwidget\">\n\t<p>La posibilidad de embarazo, de hecho, aument\u00f3 dr\u00e1sticamente cuando estas j\u00f3venes se involucraron en comportamientos de riesgo tempranos como consecuencia de traumas en familias desestructuradas. Muchos de sus alumnos proced\u00edan de hogares monoparentales que carec\u00edan de recursos, conocimientos y habilidades para romper estos patrones generacionales. A ra\u00edz de ello, McMillan se comprometi\u00f3 a educar a j\u00f3venes y padres para que se fomentaran y mantuvieran emocional, mental, f\u00edsica y espiritualmente. En 1992, fund\u00f3 Be Strong International, como organizaci\u00f3n sin \u00e1nimo de lucro 501(c)(3). Hizo crecer la organizaci\u00f3n casi sin ayuda hasta que la comunidad empez\u00f3 a darse cuenta de su impacto. La organizaci\u00f3n recibi\u00f3 su primera subvenci\u00f3n en 1998, y hoy ha ampliado su misi\u00f3n y ayudado a miles de j\u00f3venes y familias. Sab\u00eda que con las herramientas adecuadas, los j\u00f3venes y los padres pod\u00edan tener \u00e9xito y vivir el estilo de vida <a href=\"https:\/\/bestrongintl.org\/\">Be Strong<\/a>.<\/p>\n<\/div>\n<\/div><\/div><\/div><div id=\"pgc-w6734ef0225897-0-1\"  class=\"panel-grid-cell\" ><div class=\"panel-cell-style panel-cell-style-for-w6734ef0225897-0-1\" ><div id=\"panel-w6734ef0225897-0-1-0\" class=\"so-panel widget widget_sow-editor panel-first-child panel-last-child\" data-index=\"1\" ><div\n\t\t\t\n\t\t\tclass=\"so-widget-sow-editor so-widget-sow-editor-base\"\n\t\t\t\n\t\t>\n<div class=\"siteorigin-widget-tinymce textwidget\">\n\t<p style=\"text-align: center;\"><span style=\"color: #8d1637;\"><strong>NUESTRA MISI\u00d3N<\/strong> <\/span><\/p>\n<p style=\"text-align: center;\">La misi\u00f3n de Be Strong International (BSI) es fortalecer las relaciones y fomentar conexiones significativas entre familiares, amigos, compa\u00f1eros de trabajo y miembros de la comunidad. Lo hacemos ofreciendo talleres educativos y recursos basados en nuestro marco de Habilidades del Coraz\u00f3n. <\/p>\n<p style=\"text-align: center;\"><span style=\"color: #8d1637;\"><strong>NUESTRA VISI\u00d3N<\/strong> <\/span><\/p>\n<p style=\"text-align: center;\">Un mundo en el que todas las personas se fortalezcan mediante relaciones s\u00f3lidas y solidarias, prosperando dentro de comunidades que den prioridad a la conexi\u00f3n y el bienestar.<\/p>\n<\/div>\n<\/div><\/div><\/div><\/div><\/div><\/div><\/div><\/div><\/div><\/div><\/div><div id=\"pg-303159-1\"  class=\"panel-grid panel-no-style\" ><div id=\"pgc-303159-1-0\"  class=\"panel-grid-cell panel-grid-cell-empty\" ><\/div><\/div><\/div>","protected":false},"excerpt":{"rendered":"<p>La posibilidad de embarazo, de hecho, aument\u00f3 dr\u00e1sticamente cuando estas j\u00f3venes se involucraron en comportamientos de riesgo tempranos como consecuencia de traumas en familias desestructuradas. Muchos de sus alumnos proced\u00edan de hogares monoparentales que carec\u00edan de recursos, conocimientos y habilidades para romper estos patrones generacionales. A ra\u00edz de ello, McMillan se comprometi\u00f3 a educar a [&hellip;]<\/p>\n","protected":false},"author":16,"featured_media":0,"parent":0,"menu_order":0,"comment_status":"closed","ping_status":"closed","template":"","meta":{"_acf_changed":false,"_monsterinsights_skip_tracking":false,"_monsterinsights_sitenote_active":false,"_monsterinsights_sitenote_note":"","_monsterinsights_sitenote_category":0,"footnotes":""},"class_list":["post-303159","page","type-page","status-publish","hentry"],"acf":[],"aioseo_notices":[],"_links":{"self":[{"href":"https:\/\/www.bestrongintl.org\/es\/wp-json\/wp\/v2\/pages\/303159","targetHints":{"allow":["GET"]}}],"collection":[{"href":"https:\/\/www.bestrongintl.org\/es\/wp-json\/wp\/v2\/pages"}],"about":[{"href":"https:\/\/www.bestrongintl.org\/es\/wp-json\/wp\/v2\/types\/page"}],"author":[{"embeddable":true,"href":"https:\/\/www.bestrongintl.org\/es\/wp-json\/wp\/v2\/users\/16"}],"replies":[{"embeddable":true,"href":"https:\/\/www.bestrongintl.org\/es\/wp-json\/wp\/v2\/comments?post=303159"}],"version-history":[{"count":1,"href":"https:\/\/www.bestrongintl.org\/es\/wp-json\/wp\/v2\/pages\/303159\/revisions"}],"predecessor-version":[{"id":306159,"href":"https:\/\/www.bestrongintl.org\/es\/wp-json\/wp\/v2\/pages\/303159\/revisions\/306159"}],"wp:attachment":[{"href":"https:\/\/www.bestrongintl.org\/es\/wp-json\/wp\/v2\/media?parent=303159"}],"curies":[{"name":"wp","href":"https:\/\/api.w.org\/{rel}","templated":true}]}}