{"id":303236,"date":"2021-01-07T16:07:48","date_gmt":"2021-01-07T16:07:48","guid":{"rendered":"https:\/\/www.bestrongintl.org\/videos\/"},"modified":"2024-05-22T08:48:50","modified_gmt":"2024-05-22T08:48:50","slug":"videos","status":"publish","type":"page","link":"https:\/\/www.bestrongintl.org\/es\/eventos\/videos\/","title":{"rendered":"V\u00eddeos"},"content":{"rendered":"<div id=\"pl-303236\"  class=\"panel-layout\" ><div id=\"pg-303236-0\"  class=\"panel-grid panel-has-style\" ><div class=\"panel-row-style panel-row-style-for-303236-0\" ><div id=\"pgc-303236-0-0\"  class=\"panel-grid-cell\" ><div id=\"panel-303236-0-0-0\" class=\"so-panel widget widget_sow-video panel-first-child panel-last-child\" data-index=\"0\" ><div class=\"panel-widget-style panel-widget-style-for-303236-0-0-0\" ><div\n\t\t\t\n\t\t\tclass=\"so-widget-sow-video so-widget-sow-video-default-c08170c47cfb-303236\"\n\t\t\t\n\t\t><h3 class=\"widget-title\">Evento ben\u00e9fico de verano<\/h3>\n<div class=\"sow-video-wrapper\n\">\n\t\t\t\t<\/div>\n<\/div><\/div><\/div><\/div><div id=\"pgc-303236-0-1\"  class=\"panel-grid-cell\" ><div id=\"panel-303236-0-1-0\" class=\"so-panel widget widget_sow-video panel-first-child panel-last-child\" data-index=\"1\" ><div class=\"panel-widget-style panel-widget-style-for-303236-0-1-0\" ><div\n\t\t\t\n\t\t\tclass=\"so-widget-sow-video so-widget-sow-video-default-c08170c47cfb-303236\"\n\t\t\t\n\t\t><h3 class=\"widget-title\">Taller de Empoderamiento de las Ni\u00f1as<\/h3>\n<div class=\"sow-video-wrapper\n\">\n\t\t\t<iframe title=\"Valeria from Be Strong&#039;s Girls Empowerment Workshop\" width=\"800\" height=\"450\" src=\"https:\/\/www.youtube.com\/embed\/Hs2kvvJI3po?feature=oembed&enablejsapi=1\" frameborder=\"0\" allow=\"accelerometer; autoplay; clipboard-write; encrypted-media; gyroscope; picture-in-picture; web-share\" referrerpolicy=\"strict-origin-when-cross-origin\" allowfullscreen allowfullscreen mozallowfullscreen webkitallowfullscreen sandbox=\"allow-scripts allow-same-origin allow-presentation\"><\/iframe>\t<\/div>\n<\/div><\/div><\/div><\/div><\/div><\/div><div id=\"pg-303236-1\"  class=\"panel-grid panel-no-style\" ><div id=\"pgc-303236-1-0\"  class=\"panel-grid-cell\" ><div id=\"panel-303236-1-0-0\" class=\"so-panel widget widget_sow-headline panel-first-child panel-last-child\" data-index=\"2\" ><div\n\t\t\t\n\t\t\tclass=\"so-widget-sow-headline so-widget-sow-headline-default-59e6ab8c828d-303236\"\n\t\t\t\n\t\t><div class=\"sow-headline-container \">\n\t\t\t\t\t\t\t<h3 class=\"sow-headline\">\n\t\t\t\t\t\tS\u00e9 fuerte en las relaciones Vlog  \t\t\t\t\t\t<\/h3>\n\t\t\t\t\t\t<\/div>\n<\/div><\/div><\/div><\/div><div id=\"pg-303236-2\"  class=\"panel-grid panel-has-style\" ><div class=\"panel-row-style panel-row-style-for-303236-2\" ><div id=\"pgc-303236-2-0\"  class=\"panel-grid-cell\" ><div id=\"panel-303236-2-0-0\" class=\"so-panel widget widget_sow-video panel-first-child\" data-index=\"3\" ><div class=\"panel-widget-style panel-widget-style-for-303236-2-0-0\" ><div\n\t\t\t\n\t\t\tclass=\"so-widget-sow-video so-widget-sow-video-default-c08170c47cfb-303236\"\n\t\t\t\n\t\t><h3 class=\"widget-title\">Creador de parejas<\/h3>\n<div class=\"sow-video-wrapper\n\">\n\t\t\t\t<\/div>\n<\/div><\/div><\/div><div id=\"panel-303236-2-0-1\" class=\"so-panel widget widget_sow-video panel-last-child\" data-index=\"4\" ><div class=\"panel-widget-style panel-widget-style-for-303236-2-0-1\" ><div\n\t\t\t\n\t\t\tclass=\"so-widget-sow-video so-widget-sow-video-default-c08170c47cfb-303236\"\n\t\t\t\n\t\t><h3 class=\"widget-title\">Fortalecer tu matrimonio<\/h3>\n<div class=\"sow-video-wrapper\n\">\n\t\t\t<iframe title=\"Strengthening your marriage\" width=\"800\" height=\"450\" src=\"https:\/\/www.youtube.com\/embed\/qvimU7tIres?feature=oembed&enablejsapi=1\" frameborder=\"0\" allow=\"accelerometer; autoplay; clipboard-write; encrypted-media; gyroscope; picture-in-picture; web-share\" referrerpolicy=\"strict-origin-when-cross-origin\" allowfullscreen allowfullscreen mozallowfullscreen webkitallowfullscreen sandbox=\"allow-scripts allow-same-origin allow-presentation\"><\/iframe>\t<\/div>\n<\/div><\/div><\/div><\/div><div id=\"pgc-303236-2-1\"  class=\"panel-grid-cell\" ><div id=\"panel-303236-2-1-0\" class=\"so-panel widget widget_sow-video panel-first-child\" data-index=\"5\" ><div class=\"panel-widget-style panel-widget-style-for-303236-2-1-0\" ><div\n\t\t\t\n\t\t\tclass=\"so-widget-sow-video so-widget-sow-video-default-c08170c47cfb-303236\"\n\t\t\t\n\t\t><h3 class=\"widget-title\">Eres un rey<\/h3>\n<div class=\"sow-video-wrapper\n\">\n\t\t\t\t<\/div>\n<\/div><\/div><\/div><div id=\"panel-303236-2-1-1\" class=\"so-panel widget widget_sow-video panel-last-child\" data-index=\"6\" ><div class=\"panel-widget-style panel-widget-style-for-303236-2-1-1\" ><div\n\t\t\t\n\t\t\tclass=\"so-widget-sow-video so-widget-sow-video-default-c08170c47cfb-303236\"\n\t\t\t\n\t\t><h3 class=\"widget-title\">Conoce tu valor<\/h3>\n<div class=\"sow-video-wrapper\n\">\n\t\t\t\t<\/div>\n<\/div><\/div><\/div><\/div><div id=\"pgc-303236-2-2\"  class=\"panel-grid-cell\" ><div id=\"panel-303236-2-2-0\" class=\"so-panel widget widget_sow-video panel-first-child\" data-index=\"7\" ><div class=\"panel-widget-style panel-widget-style-for-303236-2-2-0\" ><div\n\t\t\t\n\t\t\tclass=\"so-widget-sow-video so-widget-sow-video-default-c08170c47cfb-303236\"\n\t\t\t\n\t\t><h3 class=\"widget-title\">\u00bfQui\u00e9n est\u00e1 en tu c\u00edrculo?<\/h3>\n<div class=\"sow-video-wrapper\n\">\n\t\t\t\t<\/div>\n<\/div><\/div><\/div><div id=\"panel-303236-2-2-1\" class=\"so-panel widget widget_sow-video panel-last-child\" data-index=\"8\" ><div class=\"panel-widget-style panel-widget-style-for-303236-2-2-1\" ><div\n\t\t\t\n\t\t\tclass=\"so-widget-sow-video so-widget-sow-video-default-c08170c47cfb-303236\"\n\t\t\t\n\t\t><h3 class=\"widget-title\">Mujeres \"Cuidado\"<\/h3>\n<div class=\"sow-video-wrapper\n\">\n\t\t\t\t<\/div>\n<\/div><\/div><\/div><\/div><\/div><\/div><div id=\"pg-303236-3\"  class=\"panel-grid panel-no-style\" ><div id=\"pgc-303236-3-0\"  class=\"panel-grid-cell\" ><div id=\"panel-303236-3-0-0\" class=\"so-panel widget widget_sow-button panel-first-child panel-last-child\" data-index=\"9\" ><div\n\t\t\t\n\t\t\tclass=\"so-widget-sow-button so-widget-sow-button-flat-57b71ef28940-303236\"\n\t\t\t\n\t\t><div class=\"ow-button-base ow-button-align-center\"\n>\n\t\t\t<a\n\t\t\t\t\thref=\"https:\/\/www.bestrongintl.org\/hookedonlove.html\"\n\t\t\t\t\tclass=\"sowb-button ow-icon-placement-left ow-button-hover\" target=\"_blank\" rel=\"noopener noreferrer\" \t>\n\t\t<span>\n\t\t\t\n\t\t\tHaz clic aqu\u00ed para ver nuestros Episodios del Reality Show Enganchados al Amor\t\t<\/span>\n\t\t\t<\/a>\n\t<\/div>\n<\/div><\/div><\/div><\/div><\/div>","protected":false},"excerpt":{"rendered":"<p>Evento ben\u00e9fico de verano Taller de Empoderamiento de las Ni\u00f1as S\u00e9 fuerte en las relaciones Vlog Creador de parejas Fortalecer tu matrimonio Eres un rey Conoce tu valor \u00bfQui\u00e9n est\u00e1 en tu c\u00edrculo? Mujeres &#8220;Cuidado&#8221; Haz clic aqu\u00ed para ver nuestros Episodios del Reality Show Enganchados al Amor<\/p>\n","protected":false},"author":16,"featured_media":0,"parent":303245,"menu_order":0,"comment_status":"closed","ping_status":"closed","template":"","meta":{"_acf_changed":false,"_monsterinsights_skip_tracking":false,"_monsterinsights_sitenote_active":false,"_monsterinsights_sitenote_note":"","_monsterinsights_sitenote_category":0,"footnotes":""},"class_list":["post-303236","page","type-page","status-publish","hentry"],"acf":[],"aioseo_notices":[],"_links":{"self":[{"href":"https:\/\/www.bestrongintl.org\/es\/wp-json\/wp\/v2\/pages\/303236","targetHints":{"allow":["GET"]}}],"collection":[{"href":"https:\/\/www.bestrongintl.org\/es\/wp-json\/wp\/v2\/pages"}],"about":[{"href":"https:\/\/www.bestrongintl.org\/es\/wp-json\/wp\/v2\/types\/page"}],"author":[{"embeddable":true,"href":"https:\/\/www.bestrongintl.org\/es\/wp-json\/wp\/v2\/users\/16"}],"replies":[{"embeddable":true,"href":"https:\/\/www.bestrongintl.org\/es\/wp-json\/wp\/v2\/comments?post=303236"}],"version-history":[{"count":1,"href":"https:\/\/www.bestrongintl.org\/es\/wp-json\/wp\/v2\/pages\/303236\/revisions"}],"predecessor-version":[{"id":303246,"href":"https:\/\/www.bestrongintl.org\/es\/wp-json\/wp\/v2\/pages\/303236\/revisions\/303246"}],"up":[{"embeddable":true,"href":"https:\/\/www.bestrongintl.org\/es\/wp-json\/wp\/v2\/pages\/303245"}],"wp:attachment":[{"href":"https:\/\/www.bestrongintl.org\/es\/wp-json\/wp\/v2\/media?parent=303236"}],"curies":[{"name":"wp","href":"https:\/\/api.w.org\/{rel}","templated":true}]}}