{"id":303243,"date":"2021-01-07T15:28:36","date_gmt":"2021-01-07T15:28:36","guid":{"rendered":"https:\/\/www.bestrongintl.org\/imagen-del-proyecto\/"},"modified":"2021-01-07T15:28:36","modified_gmt":"2021-01-07T15:28:36","slug":"imagen-del-proyecto","status":"publish","type":"page","link":"https:\/\/www.bestrongintl.org\/es\/imagen-del-proyecto\/","title":{"rendered":"Imagen del proyecto"},"content":{"rendered":"<div id=\"pl-303243\"  class=\"panel-layout\" ><div id=\"pg-303243-0\"  class=\"panel-grid panel-no-style\" ><div id=\"pgc-303243-0-0\"  class=\"panel-grid-cell\" ><div id=\"panel-303243-0-0-0\" class=\"so-panel widget widget_sow-editor panel-first-child panel-last-child\" data-index=\"0\" ><div\n\t\t\t\n\t\t\tclass=\"so-widget-sow-editor so-widget-sow-editor-base\"\n\t\t\t\n\t\t>\n<div class=\"siteorigin-widget-tinymce textwidget\">\n\t<h3 id=\"343850461493263654\" class=\"element wsite-content-title editable-text cke_editable cke_editable_inline cke_contents_ltr cke_focus cke_show_borders\" style=\"text-align: center;\" tabindex=\"0\" role=\"textbox\" contenteditable=\"true\" spellcheck=\"true\" aria-label=\"false\"><span style=\"color: #8d1637;\"><strong><span style=\"font-size: xx-large;\">Un enfoque basado en la fe para unas relaciones sanas<\/span><\/strong><\/span><\/h3>\n<p style=\"text-align: center;\">El Proyecto Imagen es un programa din\u00e1mico desarrollado por Be Strong International para iglesias y otras organizaciones confesionales. Nuestro programa capacita a los participantes para construir relaciones sanas, reconociendo al mismo tiempo el importante papel que desempe\u00f1a la fe en el proceso de toma de decisiones. Y puede ser utilizado por cualquier grupo religioso, independientemente de su confesi\u00f3n.<\/p>\n<\/div>\n<\/div><\/div><\/div><\/div><div id=\"pg-303243-1\"  class=\"panel-grid panel-has-style\" ><div class=\"siteorigin-panels-stretch panel-row-style panel-row-style-for-303243-1\" data-stretch-type=\"full\" ><div id=\"pgc-303243-1-0\"  class=\"panel-grid-cell\" ><div id=\"panel-303243-1-0-0\" class=\"so-panel widget widget_sow-editor panel-first-child\" data-index=\"1\" ><div\n\t\t\t\n\t\t\tclass=\"so-widget-sow-editor so-widget-sow-editor-base\"\n\t\t\t\n\t\t>\n<div class=\"siteorigin-widget-tinymce textwidget\">\n\t<h3 id=\"343850461493263654\" class=\"element wsite-content-title editable-text cke_editable cke_editable_inline cke_contents_ltr cke_focus cke_show_borders\" style=\"text-align: center;\" tabindex=\"0\" role=\"textbox\" contenteditable=\"true\" spellcheck=\"true\" aria-label=\"false\"><span style=\"color: #fcc47a;\"><strong><span style=\"font-size: x-large;\">Llamada al orden<\/span><\/strong><\/span><\/h3>\n<p style=\"text-align: center;\"><span style=\"color: #ffffff;\">\u00bfTu relaci\u00f3n se ha visto da\u00f1ada o rota por la ira, el arrepentimiento, los celos, la amargura o la verg\u00fcenza? Aprende a seguir el camino m\u00e1s saludable hacia una comunicaci\u00f3n abierta y un compromiso firme en la producci\u00f3n esc\u00e9nica en directo de Be Strong International, \"Una llamada al orden: Relaciones, Matrimonio y Sexo\". Aqu\u00ed puedes conocer el punto de vista de Dios sobre la construcci\u00f3n de relaciones sanas. Esta producci\u00f3n incluye un encuentro especial con aperitivos para dar comienzo al evento, seguido de una presentaci\u00f3n interactiva sobre las relaciones que incluye sketches, palabra hablada, testimonios y \u00a1mucho m\u00e1s! Y lo mejor de todo, \u00a1es GRATIS!<\/span><\/p>\n<\/div>\n<\/div><\/div><div id=\"panel-303243-1-0-1\" class=\"so-panel widget widget_siteorigin-panels-builder panel-last-child\" data-index=\"2\" ><div id=\"pl-w601894de61056\"  class=\"panel-layout\" ><div id=\"pg-w601894de61056-0\"  class=\"panel-grid panel-no-style\" ><div id=\"pgc-w601894de61056-0-0\"  class=\"panel-grid-cell\" ><div id=\"panel-w601894de61056-0-0-0\" class=\"so-panel widget widget_sow-image panel-first-child panel-last-child\" data-index=\"0\" ><div\n\t\t\t\n\t\t\tclass=\"so-widget-sow-image so-widget-sow-image-default-8b5b6f678277\"\n\t\t\t\n\t\t>\n<div class=\"sow-image-container\">\n\t\t<img fetchpriority=\"high\" \n\tsrc=\"https:\/\/www.bestrongintl.org\/wp-content\/uploads\/2021\/01\/Porject-Image-Production-3.jpg\" width=\"408\" height=\"272\" srcset=\"https:\/\/www.bestrongintl.org\/wp-content\/uploads\/2021\/01\/Porject-Image-Production-3.jpg 408w, https:\/\/www.bestrongintl.org\/wp-content\/uploads\/2021\/01\/Porject-Image-Production-3-300x200.jpg 300w, https:\/\/www.bestrongintl.org\/wp-content\/uploads\/2021\/01\/Porject-Image-Production-3-272x182.jpg 272w\" sizes=\"(max-width: 408px) 100vw, 408px\" title=\"Project Award Image\" alt=\"Proyecto Imagen Producci\u00f3n S\u00e9 fuerte\" \t\tclass=\"so-widget-image\"\/>\n\t<\/div>\n\n<\/div><\/div><\/div><div id=\"pgc-w601894de61056-0-1\"  class=\"panel-grid-cell\" ><div id=\"panel-w601894de61056-0-1-0\" class=\"so-panel widget widget_sow-image panel-first-child panel-last-child\" data-index=\"1\" ><div\n\t\t\t\n\t\t\tclass=\"so-widget-sow-image so-widget-sow-image-default-8b5b6f678277\"\n\t\t\t\n\t\t>\n<div class=\"sow-image-container\">\n\t\t<img \n\tsrc=\"https:\/\/www.bestrongintl.org\/wp-content\/uploads\/2021\/01\/Porject-Image-Production-4.jpg\" width=\"299\" height=\"201\" srcset=\"https:\/\/www.bestrongintl.org\/wp-content\/uploads\/2021\/01\/Porject-Image-Production-4.jpg 299w, https:\/\/www.bestrongintl.org\/wp-content\/uploads\/2021\/01\/Porject-Image-Production-4-272x182.jpg 272w\" sizes=\"(max-width: 299px) 100vw, 299px\" title=\"Project Image\" alt=\"Proyecto Imagen Producci\u00f3n S\u00e9 fuerte\" \t\tclass=\"so-widget-image\"\/>\n\t<\/div>\n\n<\/div><\/div><\/div><div id=\"pgc-w601894de61056-0-2\"  class=\"panel-grid-cell\" ><div id=\"panel-w601894de61056-0-2-0\" class=\"so-panel widget widget_sow-image panel-first-child panel-last-child\" data-index=\"2\" ><div\n\t\t\t\n\t\t\tclass=\"so-widget-sow-image so-widget-sow-image-default-8b5b6f678277\"\n\t\t\t\n\t\t>\n<div class=\"sow-image-container\">\n\t\t<img \n\tsrc=\"https:\/\/www.bestrongintl.org\/wp-content\/uploads\/2021\/01\/Porject-Image-Production-1.jpg\" width=\"960\" height=\"640\" srcset=\"https:\/\/www.bestrongintl.org\/wp-content\/uploads\/2021\/01\/Porject-Image-Production-1.jpg 960w, https:\/\/www.bestrongintl.org\/wp-content\/uploads\/2021\/01\/Porject-Image-Production-1-300x200.jpg 300w, https:\/\/www.bestrongintl.org\/wp-content\/uploads\/2021\/01\/Porject-Image-Production-1-768x512.jpg 768w, https:\/\/www.bestrongintl.org\/wp-content\/uploads\/2021\/01\/Porject-Image-Production-1-600x400.jpg 600w, https:\/\/www.bestrongintl.org\/wp-content\/uploads\/2021\/01\/Porject-Image-Production-1-272x182.jpg 272w\" sizes=\"(max-width: 960px) 100vw, 960px\" title=\"Project Image\" alt=\"Proyecto Imagen Producci\u00f3n S\u00e9 fuerte\" \t\tclass=\"so-widget-image\"\/>\n\t<\/div>\n\n<\/div><\/div><\/div><div id=\"pgc-w601894de61056-0-3\"  class=\"panel-grid-cell\" ><div id=\"panel-w601894de61056-0-3-0\" class=\"so-panel widget widget_sow-image panel-first-child panel-last-child\" data-index=\"3\" ><div\n\t\t\t\n\t\t\tclass=\"so-widget-sow-image so-widget-sow-image-default-8b5b6f678277\"\n\t\t\t\n\t\t>\n<div class=\"sow-image-container\">\n\t\t<img loading=\"lazy\" \n\tsrc=\"https:\/\/www.bestrongintl.org\/wp-content\/uploads\/2021\/01\/Porject-Image-Production-2.jpg\" width=\"397\" height=\"277\" srcset=\"https:\/\/www.bestrongintl.org\/wp-content\/uploads\/2021\/01\/Porject-Image-Production-2.jpg 397w, https:\/\/www.bestrongintl.org\/wp-content\/uploads\/2021\/01\/Porject-Image-Production-2-300x209.jpg 300w\" sizes=\"(max-width: 397px) 100vw, 397px\" title=\"Project Award Image\" alt=\"Proyecto Imagen Producci\u00f3n S\u00e9 fuerte\" \t\tclass=\"so-widget-image\"\/>\n\t<\/div>\n\n<\/div><\/div><\/div><\/div><\/div><\/div><\/div><\/div><\/div><div id=\"pg-303243-2\"  class=\"panel-grid panel-no-style\" ><div id=\"pgc-303243-2-0\"  class=\"panel-grid-cell\" ><div id=\"panel-303243-2-0-0\" class=\"so-panel widget widget_sow-editor panel-first-child panel-last-child\" data-index=\"3\" ><div\n\t\t\t\n\t\t\tclass=\"so-widget-sow-editor so-widget-sow-editor-base\"\n\t\t\t\n\t\t>\n<div class=\"siteorigin-widget-tinymce textwidget\">\n\t<h2 id=\"405607018627450534\" class=\"element wsite-content-title editable-text cke_editable cke_editable_inline cke_contents_ltr cke_focus cke_show_borders\" tabindex=\"0\" role=\"textbox\" contenteditable=\"true\" spellcheck=\"true\" aria-label=\"false\"><span style=\"color: #8d1637;\"><strong><span style=\"font-size: x-large;\">Taller de la Fundaci\u00f3n para unas Relaciones Sanas<\/span><\/strong><\/span><\/h2>\n<p>El Taller de la Fundaci\u00f3n para unas Relaciones Sanas permite a los participantes conocer m\u00e1s a fondo Una Llamada al Orden. Esta serie de talleres incluye dos m\u00f3dulos de 3,5 horas: El Manual: Parte I, \"Construir relaciones sanas\" y El Manual: Parte II, \"Decisiones sobre el matrimonio y el sexo\".<\/p>\n<p><strong>El Manual:<\/strong> La <strong>Parte I<\/strong> ense\u00f1a c\u00f3mo desarrollar una comunicaci\u00f3n eficaz, formas de guardar tu coraz\u00f3n, c\u00f3mo construir una amistad sana y mucho m\u00e1s.<\/p>\n<p><strong>El Manual: Parte II<\/strong> aborda el compromiso y las rupturas, el amor en el matrimonio, la elecci\u00f3n de fundamentos, el placer y el conocimiento, y mucho m\u00e1s. <\/p>\n<\/div>\n<\/div><\/div><\/div><div id=\"pgc-303243-2-1\"  class=\"panel-grid-cell\" ><div id=\"panel-303243-2-1-0\" class=\"so-panel widget widget_sow-image panel-first-child panel-last-child\" data-index=\"4\" ><div\n\t\t\t\n\t\t\tclass=\"so-widget-sow-image so-widget-sow-image-default-46c7616ffdb5-303243\"\n\t\t\t\n\t\t>\n<div class=\"sow-image-container\">\n\t\t<img loading=\"lazy\" \n\tsrc=\"https:\/\/www.bestrongintl.org\/wp-content\/uploads\/2021\/01\/the-manual-cover-part-i_orig.jpg\" width=\"618\" height=\"800\" srcset=\"https:\/\/www.bestrongintl.org\/wp-content\/uploads\/2021\/01\/the-manual-cover-part-i_orig.jpg 618w, https:\/\/www.bestrongintl.org\/wp-content\/uploads\/2021\/01\/the-manual-cover-part-i_orig-232x300.jpg 232w, https:\/\/www.bestrongintl.org\/wp-content\/uploads\/2021\/01\/the-manual-cover-part-i_orig-600x777.jpg 600w\" sizes=\"(max-width: 618px) 100vw, 618px\" title=\"The Manual Marriage\" alt=\"Manual de matrimonio\" \t\tclass=\"so-widget-image\"\/>\n\t<\/div>\n\n<\/div><\/div><\/div><div id=\"pgc-303243-2-2\"  class=\"panel-grid-cell\" ><div id=\"panel-303243-2-2-0\" class=\"so-panel widget widget_sow-image panel-first-child panel-last-child\" data-index=\"5\" ><div\n\t\t\t\n\t\t\tclass=\"so-widget-sow-image so-widget-sow-image-default-46c7616ffdb5-303243\"\n\t\t\t\n\t\t>\n<div class=\"sow-image-container\">\n\t\t<img loading=\"lazy\" \n\tsrc=\"https:\/\/www.bestrongintl.org\/wp-content\/uploads\/2021\/01\/vol2-the-manual-genesis-book-cover4_1_orig.jpg\" width=\"618\" height=\"800\" srcset=\"https:\/\/www.bestrongintl.org\/wp-content\/uploads\/2021\/01\/vol2-the-manual-genesis-book-cover4_1_orig.jpg 618w, https:\/\/www.bestrongintl.org\/wp-content\/uploads\/2021\/01\/vol2-the-manual-genesis-book-cover4_1_orig-232x300.jpg 232w, https:\/\/www.bestrongintl.org\/wp-content\/uploads\/2021\/01\/vol2-the-manual-genesis-book-cover4_1_orig-600x777.jpg 600w\" sizes=\"(max-width: 618px) 100vw, 618px\" title=\"The Manual\" alt=\"The Manual\" \t\tclass=\"so-widget-image\"\/>\n\t<\/div>\n\n<\/div><\/div><\/div><\/div><div id=\"pg-303243-3\"  class=\"panel-grid panel-no-style\" ><div id=\"pgc-303243-3-0\"  class=\"panel-grid-cell\" ><div id=\"panel-303243-3-0-0\" class=\"so-panel widget widget_sow-image panel-first-child panel-last-child\" data-index=\"6\" ><div\n\t\t\t\n\t\t\tclass=\"so-widget-sow-image so-widget-sow-image-default-8b5b6f678277-303243\"\n\t\t\t\n\t\t>\n<div class=\"sow-image-container\">\n\t\t<img loading=\"lazy\" \n\tsrc=\"https:\/\/www.bestrongintl.org\/wp-content\/uploads\/2021\/01\/Porject-Image-img-2450.jpg\" width=\"1098\" height=\"695\" srcset=\"https:\/\/www.bestrongintl.org\/wp-content\/uploads\/2021\/01\/Porject-Image-img-2450.jpg 1098w, https:\/\/www.bestrongintl.org\/wp-content\/uploads\/2021\/01\/Porject-Image-img-2450-300x190.jpg 300w, https:\/\/www.bestrongintl.org\/wp-content\/uploads\/2021\/01\/Porject-Image-img-2450-1024x648.jpg 1024w, https:\/\/www.bestrongintl.org\/wp-content\/uploads\/2021\/01\/Porject-Image-img-2450-768x486.jpg 768w, https:\/\/www.bestrongintl.org\/wp-content\/uploads\/2021\/01\/Porject-Image-img-2450-600x380.jpg 600w\" sizes=\"(max-width: 1098px) 100vw, 1098px\" title=\"Project Image Be Strong\" alt=\"Proyecta Imagen S\u00e9 Fuerte\" \t\tclass=\"so-widget-image\"\/>\n\t<\/div>\n\n<\/div><\/div><\/div><div id=\"pgc-303243-3-1\"  class=\"panel-grid-cell\" ><div id=\"panel-303243-3-1-0\" class=\"so-panel widget widget_sow-image panel-first-child panel-last-child\" data-index=\"7\" ><div\n\t\t\t\n\t\t\tclass=\"so-widget-sow-image so-widget-sow-image-default-8b5b6f678277-303243\"\n\t\t\t\n\t\t>\n<div class=\"sow-image-container\">\n\t\t<img loading=\"lazy\" \n\tsrc=\"https:\/\/www.bestrongintl.org\/wp-content\/uploads\/2021\/01\/Porject-Image-img-2452.jpg\" width=\"627\" height=\"405\" srcset=\"https:\/\/www.bestrongintl.org\/wp-content\/uploads\/2021\/01\/Porject-Image-img-2452.jpg 627w, https:\/\/www.bestrongintl.org\/wp-content\/uploads\/2021\/01\/Porject-Image-img-2452-300x194.jpg 300w, https:\/\/www.bestrongintl.org\/wp-content\/uploads\/2021\/01\/Porject-Image-img-2452-600x388.jpg 600w\" sizes=\"(max-width: 627px) 100vw, 627px\" title=\"Project Image Be Strong-2452\" alt=\"Proyecta Imagen S\u00e9 Fuerte\" \t\tclass=\"so-widget-image\"\/>\n\t<\/div>\n\n<\/div><\/div><\/div><div id=\"pgc-303243-3-2\"  class=\"panel-grid-cell\" ><div id=\"panel-303243-3-2-0\" class=\"so-panel widget widget_sow-image panel-first-child panel-last-child\" data-index=\"8\" ><div\n\t\t\t\n\t\t\tclass=\"so-widget-sow-image so-widget-sow-image-default-8b5b6f678277-303243\"\n\t\t\t\n\t\t>\n<div class=\"sow-image-container\">\n\t\t<img loading=\"lazy\" \n\tsrc=\"https:\/\/www.bestrongintl.org\/wp-content\/uploads\/2021\/01\/Porject-Image-img-2453.jpg\" width=\"615\" height=\"410\" srcset=\"https:\/\/www.bestrongintl.org\/wp-content\/uploads\/2021\/01\/Porject-Image-img-2453.jpg 615w, https:\/\/www.bestrongintl.org\/wp-content\/uploads\/2021\/01\/Porject-Image-img-2453-300x200.jpg 300w, https:\/\/www.bestrongintl.org\/wp-content\/uploads\/2021\/01\/Porject-Image-img-2453-600x400.jpg 600w, https:\/\/www.bestrongintl.org\/wp-content\/uploads\/2021\/01\/Porject-Image-img-2453-272x182.jpg 272w\" sizes=\"(max-width: 615px) 100vw, 615px\" title=\"Project Image\" alt=\"Proyecta Imagen S\u00e9 Fuerte\" \t\tclass=\"so-widget-image\"\/>\n\t<\/div>\n\n<\/div><\/div><\/div><div id=\"pgc-303243-3-3\"  class=\"panel-grid-cell\" ><div id=\"panel-303243-3-3-0\" class=\"so-panel widget widget_sow-image panel-first-child panel-last-child\" data-index=\"9\" ><div\n\t\t\t\n\t\t\tclass=\"so-widget-sow-image so-widget-sow-image-default-8b5b6f678277-303243\"\n\t\t\t\n\t\t>\n<div class=\"sow-image-container\">\n\t\t<img loading=\"lazy\" \n\tsrc=\"https:\/\/www.bestrongintl.org\/wp-content\/uploads\/2021\/01\/Porject-Image-img-2451.jpg\" width=\"628\" height=\"406\" srcset=\"https:\/\/www.bestrongintl.org\/wp-content\/uploads\/2021\/01\/Porject-Image-img-2451.jpg 628w, https:\/\/www.bestrongintl.org\/wp-content\/uploads\/2021\/01\/Porject-Image-img-2451-300x194.jpg 300w, https:\/\/www.bestrongintl.org\/wp-content\/uploads\/2021\/01\/Porject-Image-img-2451-600x388.jpg 600w\" sizes=\"(max-width: 628px) 100vw, 628px\" title=\"Project Image Be Strong\" alt=\"Proyecta Imagen S\u00e9 Fuerte\" \t\tclass=\"so-widget-image\"\/>\n\t<\/div>\n\n<\/div><\/div><\/div><\/div><div id=\"pg-303243-4\"  class=\"panel-grid panel-no-style\" ><div id=\"pgc-303243-4-0\"  class=\"panel-grid-cell\" ><div id=\"panel-303243-4-0-0\" class=\"so-panel widget widget_sow-editor panel-first-child panel-last-child\" data-index=\"10\" ><div\n\t\t\t\n\t\t\tclass=\"so-widget-sow-editor so-widget-sow-editor-base\"\n\t\t\t\n\t\t>\n<div class=\"siteorigin-widget-tinymce textwidget\">\n\t<h2 id=\"405607018627450534\" class=\"element wsite-content-title editable-text cke_editable cke_editable_inline cke_contents_ltr cke_focus cke_show_borders\" tabindex=\"0\" role=\"textbox\" contenteditable=\"true\" spellcheck=\"true\" aria-label=\"false\"><strong><span style=\"color: #dab844; font-size: x-large;\"><span style=\"color: #8d1637;\">Costes y calendarios<\/span><br \/>\n<\/span><\/strong><\/h2>\n<p>Para saber cu\u00e1ndo es la pr\u00f3xima \"Llamada a Producci\u00f3n\" o \"Taller de la Fundaci\u00f3n para Relaciones Sanas\", ll\u00e1manos al 305-969-7829.<\/p>\n<p>Actualizamos regularmente nuestro programa para satisfacer las necesidades y expectativas modernas, al tiempo que nos mantenemos fieles a nuestra misi\u00f3n, haciendo del Proyecto Imagen una experiencia de aprendizaje inestimable.<\/p>\n<\/div>\n<\/div><\/div><\/div><\/div><\/div>","protected":false},"excerpt":{"rendered":"<p>Un enfoque basado en la fe para unas relaciones sanas El Proyecto Imagen es un programa din\u00e1mico desarrollado por Be Strong International para iglesias y otras organizaciones confesionales. Nuestro programa capacita a los participantes para construir relaciones sanas, reconociendo al mismo tiempo el importante papel que desempe\u00f1a la fe en el proceso de toma de [&hellip;]<\/p>\n","protected":false},"author":16,"featured_media":294596,"parent":0,"menu_order":0,"comment_status":"closed","ping_status":"closed","template":"templates\/template-full-width.php","meta":{"_acf_changed":false,"_monsterinsights_skip_tracking":false,"_monsterinsights_sitenote_active":false,"_monsterinsights_sitenote_note":"","_monsterinsights_sitenote_category":0,"footnotes":""},"class_list":["post-303243","page","type-page","status-publish","has-post-thumbnail","hentry"],"acf":[],"aioseo_notices":[],"_links":{"self":[{"href":"https:\/\/www.bestrongintl.org\/es\/wp-json\/wp\/v2\/pages\/303243","targetHints":{"allow":["GET"]}}],"collection":[{"href":"https:\/\/www.bestrongintl.org\/es\/wp-json\/wp\/v2\/pages"}],"about":[{"href":"https:\/\/www.bestrongintl.org\/es\/wp-json\/wp\/v2\/types\/page"}],"author":[{"embeddable":true,"href":"https:\/\/www.bestrongintl.org\/es\/wp-json\/wp\/v2\/users\/16"}],"replies":[{"embeddable":true,"href":"https:\/\/www.bestrongintl.org\/es\/wp-json\/wp\/v2\/comments?post=303243"}],"version-history":[{"count":0,"href":"https:\/\/www.bestrongintl.org\/es\/wp-json\/wp\/v2\/pages\/303243\/revisions"}],"wp:featuredmedia":[{"embeddable":true,"href":"https:\/\/www.bestrongintl.org\/es\/wp-json\/wp\/v2\/media\/294596"}],"wp:attachment":[{"href":"https:\/\/www.bestrongintl.org\/es\/wp-json\/wp\/v2\/media?parent=303243"}],"curies":[{"name":"wp","href":"https:\/\/api.w.org\/{rel}","templated":true}]}}