{"id":303265,"date":"2021-01-05T20:11:46","date_gmt":"2021-01-05T20:11:46","guid":{"rendered":"https:\/\/www.bestrongintl.org\/sesiones-de-maestria-en-empoderamiento-de-las-ninas\/"},"modified":"2024-05-22T08:49:10","modified_gmt":"2024-05-22T08:49:10","slug":"sesiones-de-maestria-en-empoderamiento-de-las-ninas","status":"publish","type":"page","link":"https:\/\/www.bestrongintl.org\/es\/sesiones-de-maestria-en-empoderamiento-de-las-ninas\/","title":{"rendered":"Sesiones de Maestr\u00eda en Empoderamiento de las Ni\u00f1as"},"content":{"rendered":"<div id=\"pl-303265\"  class=\"panel-layout\" ><div id=\"pg-303265-0\"  class=\"panel-grid panel-no-style\" ><div id=\"pgc-303265-0-0\"  class=\"panel-grid-cell\" ><div id=\"panel-303265-0-0-0\" class=\"so-panel widget widget_sow-editor panel-first-child panel-last-child\" data-index=\"0\" ><div\n\t\t\t\n\t\t\tclass=\"so-widget-sow-editor so-widget-sow-editor-base\"\n\t\t\t\n\t\t>\n<div class=\"siteorigin-widget-tinymce textwidget\">\n\t<h2><img decoding=\"async\" class=\"alignnone size-medium wp-image-274767 aligncenter\" src=\"https:\/\/bestrongintl.org\/wp-content\/uploads\/2021\/12\/GEMS-300x147.png\" alt=\"\" width=\"300\" height=\"147\" srcset=\"https:\/\/www.bestrongintl.org\/wp-content\/uploads\/2021\/12\/GEMS-300x147.png 300w, https:\/\/www.bestrongintl.org\/wp-content\/uploads\/2021\/12\/GEMS-1024x502.png 1024w, https:\/\/www.bestrongintl.org\/wp-content\/uploads\/2021\/12\/GEMS-768x376.png 768w, https:\/\/www.bestrongintl.org\/wp-content\/uploads\/2021\/12\/GEMS-500x245.png 500w, https:\/\/www.bestrongintl.org\/wp-content\/uploads\/2021\/12\/GEMS-800x392.png 800w, https:\/\/www.bestrongintl.org\/wp-content\/uploads\/2021\/12\/GEMS-600x294.png 600w, https:\/\/www.bestrongintl.org\/wp-content\/uploads\/2021\/12\/GEMS.png 1200w\" sizes=\"(max-width: 300px) 100vw, 300px\" \/><\/h2>\n<h2 style=\"text-align: center;\"><em><strong><span style=\"color: #8d1637;\">\"La inspiraci\u00f3n del ma\u00f1ana\"<\/span><\/strong><\/em><\/h2>\n<p style=\"text-align: center;\">La <span data-contrast=\"auto\"> misi\u00f3n<\/span> de Girls Empowerment Mastery Sessions (GEMS) <span data-contrast=\"auto\"> es capacitar a las ni\u00f1as para que alcancen la plenitud \"encontrando su voz\" en todos los aspectos de la vida: social, mental, espiritual, econ\u00f3mica y f\u00edsicamente.<\/span><\/p>\n<p style=\"text-align: center;\"><span data-contrast=\"auto\">Las ni\u00f1as de 9 a 12 a\u00f1os experimentan cambios abrumadores en su transici\u00f3n a la adolescencia. Proporcionamos una comunidad de mujeres l\u00edderes para ense\u00f1ar, guiar y animar a las chicas a tomar las riendas de sus propias vidas mediante talleres interactivos. GEMS invita a ponentes y facilitadores de la comunidad para que sumerjan a las chicas en nuestros cuatro pilares:  <\/span><\/p>\n<\/div>\n<\/div><\/div><\/div><\/div><div id=\"pg-303265-1\"  class=\"panel-grid panel-has-style\" ><div class=\"siteorigin-panels-stretch panel-row-style panel-row-style-for-303265-1\" data-stretch-type=\"full\" ><div id=\"pgc-303265-1-0\"  class=\"panel-grid-cell\" ><div id=\"panel-303265-1-0-0\" class=\"so-panel widget widget_sow-image panel-first-child\" data-index=\"1\" ><div\n\t\t\t\n\t\t\tclass=\"so-widget-sow-image so-widget-sow-image-default-113ccd71f3e6-303265\"\n\t\t\t\n\t\t>\n<div class=\"sow-image-container\">\n\t\t<img fetchpriority=\"high\" \n\tsrc=\"https:\/\/www.bestrongintl.org\/wp-content\/uploads\/2022\/09\/Kids-Post-08192022-300x300.png\" width=\"300\" height=\"300\" srcset=\"https:\/\/www.bestrongintl.org\/wp-content\/uploads\/2022\/09\/Kids-Post-08192022-300x300.png 300w, https:\/\/www.bestrongintl.org\/wp-content\/uploads\/2022\/09\/Kids-Post-08192022-1024x1024.png 1024w, https:\/\/www.bestrongintl.org\/wp-content\/uploads\/2022\/09\/Kids-Post-08192022-150x150.png 150w, https:\/\/www.bestrongintl.org\/wp-content\/uploads\/2022\/09\/Kids-Post-08192022-768x768.png 768w, https:\/\/www.bestrongintl.org\/wp-content\/uploads\/2022\/09\/Kids-Post-08192022-500x500.png 500w, https:\/\/www.bestrongintl.org\/wp-content\/uploads\/2022\/09\/Kids-Post-08192022-800x800.png 800w, https:\/\/www.bestrongintl.org\/wp-content\/uploads\/2022\/09\/Kids-Post-08192022-450x450.png 450w, https:\/\/www.bestrongintl.org\/wp-content\/uploads\/2022\/09\/Kids-Post-08192022-600x600.png 600w, https:\/\/www.bestrongintl.org\/wp-content\/uploads\/2022\/09\/Kids-Post-08192022-100x100.png 100w, https:\/\/www.bestrongintl.org\/wp-content\/uploads\/2022\/09\/Kids-Post-08192022-45x45.png 45w, https:\/\/www.bestrongintl.org\/wp-content\/uploads\/2022\/09\/Kids-Post-08192022.png 1080w\" sizes=\"(max-width: 300px) 100vw, 300px\" title=\"Kids Post 08192022\" alt=\"\" \t\tclass=\"so-widget-image\"\/>\n\t<\/div>\n\n<\/div><\/div><div id=\"panel-303265-1-0-1\" class=\"so-panel widget widget_sow-image\" data-index=\"2\" ><div\n\t\t\t\n\t\t\tclass=\"so-widget-sow-image so-widget-sow-image-default-113ccd71f3e6-303265\"\n\t\t\t\n\t\t>\n<div class=\"sow-image-container\">\n\t\t<img \n\tsrc=\"https:\/\/www.bestrongintl.org\/wp-content\/uploads\/2022\/09\/GEMS-4-300x292.jpg\" width=\"300\" height=\"292\" srcset=\"https:\/\/www.bestrongintl.org\/wp-content\/uploads\/2022\/09\/GEMS-4-300x292.jpg 300w, https:\/\/www.bestrongintl.org\/wp-content\/uploads\/2022\/09\/GEMS-4-1024x996.jpg 1024w, https:\/\/www.bestrongintl.org\/wp-content\/uploads\/2022\/09\/GEMS-4-768x747.jpg 768w, https:\/\/www.bestrongintl.org\/wp-content\/uploads\/2022\/09\/GEMS-4-1536x1494.jpg 1536w, https:\/\/www.bestrongintl.org\/wp-content\/uploads\/2022\/09\/GEMS-4-2048x1991.jpg 2048w, https:\/\/www.bestrongintl.org\/wp-content\/uploads\/2022\/09\/GEMS-4-500x486.jpg 500w, https:\/\/www.bestrongintl.org\/wp-content\/uploads\/2022\/09\/GEMS-4-800x778.jpg 800w, https:\/\/www.bestrongintl.org\/wp-content\/uploads\/2022\/09\/GEMS-4-1280x1245.jpg 1280w, https:\/\/www.bestrongintl.org\/wp-content\/uploads\/2022\/09\/GEMS-4-1920x1867.jpg 1920w, https:\/\/www.bestrongintl.org\/wp-content\/uploads\/2022\/09\/GEMS-4-1200x1167.jpg 1200w, https:\/\/www.bestrongintl.org\/wp-content\/uploads\/2022\/09\/GEMS-4-1980x1925.jpg 1980w, https:\/\/www.bestrongintl.org\/wp-content\/uploads\/2022\/09\/GEMS-4-600x583.jpg 600w, https:\/\/www.bestrongintl.org\/wp-content\/uploads\/2022\/09\/GEMS-4-45x45.jpg 45w\" sizes=\"(max-width: 300px) 100vw, 300px\" title=\"GEMS 4\" alt=\"\" \t\tclass=\"so-widget-image\"\/>\n\t<\/div>\n\n<\/div><\/div><div id=\"panel-303265-1-0-2\" class=\"so-panel widget widget_sow-image panel-last-child\" data-index=\"3\" ><div\n\t\t\t\n\t\t\tclass=\"so-widget-sow-image so-widget-sow-image-default-113ccd71f3e6-303265\"\n\t\t\t\n\t\t>\n<div class=\"sow-image-container\">\n\t\t<img loading=\"lazy\" \n\tsrc=\"https:\/\/www.bestrongintl.org\/wp-content\/uploads\/2022\/09\/GEMS-5-300x225.jpg\" width=\"300\" height=\"225\" srcset=\"https:\/\/www.bestrongintl.org\/wp-content\/uploads\/2022\/09\/GEMS-5-300x225.jpg 300w, https:\/\/www.bestrongintl.org\/wp-content\/uploads\/2022\/09\/GEMS-5-768x576.jpg 768w, https:\/\/www.bestrongintl.org\/wp-content\/uploads\/2022\/09\/GEMS-5-500x375.jpg 500w, https:\/\/www.bestrongintl.org\/wp-content\/uploads\/2022\/09\/GEMS-5-800x600.jpg 800w, https:\/\/www.bestrongintl.org\/wp-content\/uploads\/2022\/09\/GEMS-5-600x450.jpg 600w, https:\/\/www.bestrongintl.org\/wp-content\/uploads\/2022\/09\/GEMS-5.jpg 1024w\" sizes=\"(max-width: 300px) 100vw, 300px\" title=\"GEMS 5\" alt=\"\" \t\tclass=\"so-widget-image\"\/>\n\t<\/div>\n\n<\/div><\/div><\/div><div id=\"pgc-303265-1-1\"  class=\"panel-grid-cell\" ><div id=\"panel-303265-1-1-0\" class=\"so-panel widget widget_sow-editor panel-first-child\" data-index=\"4\" ><div\n\t\t\t\n\t\t\tclass=\"so-widget-sow-editor so-widget-sow-editor-base\"\n\t\t\t\n\t\t>\n<div class=\"siteorigin-widget-tinymce textwidget\">\n\t<p><span style=\"color: #8d1637;\"><strong>Temas<\/strong><\/span><br \/>\n<span style=\"color: #333333;\">Las Sesiones de Maestr\u00eda para el Empoderamiento de las Ni\u00f1as es un programa de 6 meses de duraci\u00f3n en el que las ni\u00f1as, de 9 a 12 a\u00f1os, se re\u00fanen una vez al mes para tratar lo siguiente:<\/span><\/p>\n<p><span style=\"color: #333333;\">- T\u00e9cnicas de pose poderosa<\/span><br \/>\n<span style=\"color: #333333;\">- Utilizar y aprovechar la tecnolog\u00eda como una herramienta, no como una distracci\u00f3n<\/span><br \/>\n<span style=\"color: #333333;\">- Identificar la amistad sana frente a la t\u00f3xica<br \/>\n- Educaci\u00f3n financiera<br \/>\n- Habilidades de comunicaci\u00f3n, de coraz\u00f3n y de fijaci\u00f3n de objetivos<br \/>\n- Habilidades de resiliencia para afrontar mejor el estr\u00e9s, el miedo, la ansiedad o la p\u00e9rdida<br \/>\n- Cultivar un sentimiento de autoestima y confianza<br \/>\n- Promover una imagen corporal positiva<\/span><span style=\"color: #333333;\"> <\/span><br \/>\n<span style=\"color: #333333;\"><\/span><\/p>\n<\/div>\n<\/div><\/div><div id=\"panel-303265-1-1-1\" class=\"so-panel widget widget_sow-image panel-last-child\" data-index=\"5\" ><div\n\t\t\t\n\t\t\tclass=\"so-widget-sow-image so-widget-sow-image-default-8b5b6f678277-303265\"\n\t\t\t\n\t\t>\n<div class=\"sow-image-container\">\n\t\t<img loading=\"lazy\" \n\tsrc=\"https:\/\/www.bestrongintl.org\/wp-content\/uploads\/2022\/09\/GEMS-6-768x576.jpg\" width=\"768\" height=\"576\" srcset=\"https:\/\/www.bestrongintl.org\/wp-content\/uploads\/2022\/09\/GEMS-6-768x576.jpg 768w, https:\/\/www.bestrongintl.org\/wp-content\/uploads\/2022\/09\/GEMS-6-300x225.jpg 300w, https:\/\/www.bestrongintl.org\/wp-content\/uploads\/2022\/09\/GEMS-6-500x375.jpg 500w, https:\/\/www.bestrongintl.org\/wp-content\/uploads\/2022\/09\/GEMS-6-800x600.jpg 800w, https:\/\/www.bestrongintl.org\/wp-content\/uploads\/2022\/09\/GEMS-6-600x450.jpg 600w, https:\/\/www.bestrongintl.org\/wp-content\/uploads\/2022\/09\/GEMS-6.jpg 1024w\" sizes=\"(max-width: 768px) 100vw, 768px\" title=\"GEMS 6\" alt=\"\" \t\tclass=\"so-widget-image\"\/>\n\t<\/div>\n\n<\/div><\/div><\/div><\/div><\/div><div id=\"pg-303265-2\"  class=\"panel-grid panel-has-style\" ><div class=\"siteorigin-panels-stretch panel-row-style panel-row-style-for-303265-2\" data-stretch-type=\"full\" ><div id=\"pgc-303265-2-0\"  class=\"panel-grid-cell\" ><div id=\"panel-303265-2-0-0\" class=\"so-panel widget widget_sow-editor panel-first-child\" data-index=\"6\" ><div\n\t\t\t\n\t\t\tclass=\"so-widget-sow-editor so-widget-sow-editor-base\"\n\t\t\t\n\t\t>\n<div class=\"siteorigin-widget-tinymce textwidget\">\n\t<h4 style=\"margin: 0px !important; text-align: center;\"><span style=\"color: #fcc47a;\">Reserva una sesi\u00f3n<br \/>\n<\/span><\/h4>\n<p style=\"text-align: center;\"><span style=\"color: #d9d9d9;\">Apunta a tu hija o mujer dependiente a una de nuestras sesiones GEMS.<\/span><\/p>\n<p style=\"text-align: center;\"><span style=\"color: #d9d9d9;\">He aqu\u00ed algunas razones por las que tu hijo deber\u00eda participar:<\/span><\/p>\n<ul style=\"color: #fcc47a;\">\n<li style=\"text-align: center;\">No nos centramos en su aspecto, sino en su perspectiva.<\/li>\n<li style=\"text-align: center;\">La ayudamos a encontrar su prop\u00f3sito y su pasi\u00f3n.<\/li>\n<li style=\"text-align: center;\">Promovemos la autoaceptaci\u00f3n por encima de la aceptaci\u00f3n de los compa\u00f1eros.<\/li>\n<li style=\"text-align: center;\">Le ayudamos a identificar su voz.<\/li>\n<\/ul>\n<\/div>\n<\/div><\/div><div id=\"panel-303265-2-0-1\" class=\"so-panel widget widget_sow-button\" data-index=\"7\" ><div\n\t\t\t\n\t\t\tclass=\"so-widget-sow-button so-widget-sow-button-flat-f344c9d5cc64-303265\"\n\t\t\t\n\t\t><div class=\"ow-button-base ow-button-align-center\"\n>\n\t\t\t<a\n\t\t\t\t\thref=\"https:\/\/bestrongintl.org\/forms\/gems-sign-up-form\/\"\n\t\t\t\t\tclass=\"sowb-button ow-icon-placement-left ow-button-hover\" target=\"_blank\" rel=\"noopener noreferrer\" \t>\n\t\t<span>\n\t\t\t\n\t\t\t\u00bfTe interesa? Reg\u00edstrate para obtener m\u00e1s informaci\u00f3n\t\t<\/span>\n\t\t\t<\/a>\n\t<\/div>\n<\/div><\/div><div id=\"panel-303265-2-0-2\" class=\"so-panel widget widget_sow-editor panel-last-child\" data-index=\"8\" ><div class=\"panel-widget-style panel-widget-style-for-303265-2-0-2\" ><div\n\t\t\t\n\t\t\tclass=\"so-widget-sow-editor so-widget-sow-editor-base\"\n\t\t\t\n\t\t>\n<div class=\"siteorigin-widget-tinymce textwidget\">\n\t<p style=\"text-align: center;\">\u00bfNecesitas m\u00e1s informaci\u00f3n? <a href=\"mailto:GEMS@bestrongintl.org\">Env\u00edanos un correo electr\u00f3nico<\/a>.<\/p>\n<\/div>\n<\/div><\/div><\/div><\/div><\/div><\/div><\/div>","protected":false},"excerpt":{"rendered":"<p>&#8220;La inspiraci\u00f3n del ma\u00f1ana&#8221; La misi\u00f3n de Girls Empowerment Mastery Sessions (GEMS) es capacitar a las ni\u00f1as para que alcancen la plenitud &#8220;encontrando su voz&#8221; en todos los aspectos de la vida: social, mental, espiritual, econ\u00f3mica y f\u00edsicamente. Las ni\u00f1as de 9 a 12 a\u00f1os experimentan cambios abrumadores en su transici\u00f3n a la adolescencia. Proporcionamos [&hellip;]<\/p>\n","protected":false},"author":16,"featured_media":294613,"parent":0,"menu_order":0,"comment_status":"closed","ping_status":"closed","template":"templates\/template-full-width.php","meta":{"_acf_changed":false,"_monsterinsights_skip_tracking":false,"_monsterinsights_sitenote_active":false,"_monsterinsights_sitenote_note":"","_monsterinsights_sitenote_category":0,"footnotes":""},"class_list":["post-303265","page","type-page","status-publish","has-post-thumbnail","hentry"],"acf":[],"aioseo_notices":[],"_links":{"self":[{"href":"https:\/\/www.bestrongintl.org\/es\/wp-json\/wp\/v2\/pages\/303265","targetHints":{"allow":["GET"]}}],"collection":[{"href":"https:\/\/www.bestrongintl.org\/es\/wp-json\/wp\/v2\/pages"}],"about":[{"href":"https:\/\/www.bestrongintl.org\/es\/wp-json\/wp\/v2\/types\/page"}],"author":[{"embeddable":true,"href":"https:\/\/www.bestrongintl.org\/es\/wp-json\/wp\/v2\/users\/16"}],"replies":[{"embeddable":true,"href":"https:\/\/www.bestrongintl.org\/es\/wp-json\/wp\/v2\/comments?post=303265"}],"version-history":[{"count":1,"href":"https:\/\/www.bestrongintl.org\/es\/wp-json\/wp\/v2\/pages\/303265\/revisions"}],"predecessor-version":[{"id":303267,"href":"https:\/\/www.bestrongintl.org\/es\/wp-json\/wp\/v2\/pages\/303265\/revisions\/303267"}],"wp:featuredmedia":[{"embeddable":true,"href":"https:\/\/www.bestrongintl.org\/es\/wp-json\/wp\/v2\/media\/294613"}],"wp:attachment":[{"href":"https:\/\/www.bestrongintl.org\/es\/wp-json\/wp\/v2\/media?parent=303265"}],"curies":[{"name":"wp","href":"https:\/\/api.w.org\/{rel}","templated":true}]}}