{"id":303451,"date":"2022-09-22T07:45:40","date_gmt":"2022-09-22T07:45:40","guid":{"rendered":"https:\/\/www.bestrongintl.org\/politica-de-devoluciones-y-reembolsos\/"},"modified":"2024-05-30T11:47:32","modified_gmt":"2024-05-30T11:47:32","slug":"politica-de-devoluciones-y-reembolsos","status":"publish","type":"page","link":"https:\/\/www.bestrongintl.org\/es\/politica-de-devoluciones-y-reembolsos\/","title":{"rendered":"Pol\u00edtica de devoluciones y reembolsos"},"content":{"rendered":"\t\t<div data-elementor-type=\"wp-page\" data-elementor-id=\"303451\" class=\"elementor elementor-303451 elementor-278972\" data-elementor-post-type=\"page\">\n\t\t\t\t\t\t<section class=\"has_eae_slider elementor-section elementor-top-section elementor-element elementor-element-0097eda elementor-section-boxed elementor-section-height-default elementor-section-height-default\" data-eae-slider=\"36225\" data-dce-background-color=\"#8D1836\" data-dce-background-image-url=\"https:\/\/bestrongintl.org\/wp-content\/uploads\/2021\/01\/headerbackground.png\" data-id=\"0097eda\" data-element_type=\"section\" data-e-type=\"section\" data-settings=\"{&quot;background_background&quot;:&quot;classic&quot;}\">\n\t\t\t\t\t\t<div class=\"elementor-container elementor-column-gap-default\">\n\t\t\t\t\t<div class=\"has_eae_slider elementor-column elementor-col-100 elementor-top-column elementor-element elementor-element-2dd2b43\" data-eae-slider=\"14242\" data-id=\"2dd2b43\" data-element_type=\"column\" data-e-type=\"column\">\n\t\t\t<div class=\"elementor-widget-wrap elementor-element-populated\">\n\t\t\t\t\t\t<div data-dce-title-color=\"#FFFFFF\" class=\"elementor-element elementor-element-13d8eb6 elementor-widget elementor-widget-heading\" data-id=\"13d8eb6\" data-element_type=\"widget\" data-e-type=\"widget\" data-widget_type=\"heading.default\">\n\t\t\t\t<div class=\"elementor-widget-container\">\n\t\t\t\t\t<h2 class=\"elementor-heading-title elementor-size-default\">POL\u00cdTICA DE DEVOLUCIONES Y REEMBOLSOS<\/h2>\t\t\t\t<\/div>\n\t\t\t\t<\/div>\n\t\t\t\t\t<\/div>\n\t\t<\/div>\n\t\t\t\t\t<\/div>\n\t\t<\/section>\n\t\t\t\t<section class=\"has_eae_slider elementor-section elementor-top-section elementor-element elementor-element-e176099 elementor-section-boxed elementor-section-height-default elementor-section-height-default\" data-eae-slider=\"88033\" data-id=\"e176099\" data-element_type=\"section\" data-e-type=\"section\">\n\t\t\t\t\t\t<div class=\"elementor-container elementor-column-gap-default\">\n\t\t\t\t\t<div class=\"has_eae_slider elementor-column elementor-col-100 elementor-top-column elementor-element elementor-element-4470eb2\" data-eae-slider=\"1992\" data-id=\"4470eb2\" data-element_type=\"column\" data-e-type=\"column\">\n\t\t\t<div class=\"elementor-widget-wrap elementor-element-populated\">\n\t\t\t\t\t\t<div data-dce-text-color=\"#000000\" class=\"elementor-element elementor-element-9fc6666 elementor-widget elementor-widget-text-editor\" data-id=\"9fc6666\" data-element_type=\"widget\" data-e-type=\"widget\" data-widget_type=\"text-editor.default\">\n\t\t\t\t<div class=\"elementor-widget-container\">\n\t\t\t\t\t\t\t\t\t<p><strong>\u00daltima actualizaci\u00f3n:&nbsp; septiembre de 2022<\/strong><\/p>\n<h5><strong>Nuestra pol\u00edtica de devoluciones<\/strong><\/h5>\n<p>Gracias por comprar nuestros productos. Tu compra tendr\u00e1 un impacto directo en la vida de los ni\u00f1os y las familias de nuestra querida comunidad del sur de Florida.&nbsp;<\/p>\n<p>Todas las ventas son definitivas. No se admiten cambios ni devoluciones. Cada art\u00edculo es enviado e inspeccionado personalmente por nosotros y no se enviar\u00e1 con ning\u00fan defecto.<\/p>\n<p>Por favor, aseg\u00farate de tu pedido antes de realizar la compra. Estamos seguros de que nuestros productos no te decepcionar\u00e1n.<\/p>\n<h5>Ponte en contacto con<\/h5>\n<p>Si tienes alguna pregunta o te encuentras con alg\u00fan contratiempo por el camino, no dudes en ponerte en contacto con nosotros a trav\u00e9s de nuestra p\u00e1gina de Contacto o escr\u00edbenos en el buz\u00f3n de chat situado en la esquina inferior derecha de este sitio web.&nbsp;<\/p>\t\t\t\t\t\t\t\t<\/div>\n\t\t\t\t<\/div>\n\t\t\t\t\t<\/div>\n\t\t<\/div>\n\t\t\t\t\t<\/div>\n\t\t<\/section>\n\t\t\t\t<\/div>\n\t\t","protected":false},"excerpt":{"rendered":"<p>POL\u00cdTICA DE DEVOLUCIONES Y REEMBOLSOS \u00daltima actualizaci\u00f3n:&nbsp; septiembre de 2022 Nuestra pol\u00edtica de devoluciones Gracias por comprar nuestros productos. Tu compra tendr\u00e1 un impacto directo en la vida de los ni\u00f1os y las familias de nuestra querida comunidad del sur de Florida.&nbsp; Todas las ventas son definitivas. No se admiten cambios ni devoluciones. Cada art\u00edculo [&hellip;]<\/p>\n","protected":false},"author":17,"featured_media":0,"parent":0,"menu_order":0,"comment_status":"closed","ping_status":"closed","template":"elementor_header_footer","meta":{"_acf_changed":false,"_monsterinsights_skip_tracking":false,"_monsterinsights_sitenote_active":false,"_monsterinsights_sitenote_note":"","_monsterinsights_sitenote_category":0,"footnotes":""},"class_list":["post-303451","page","type-page","status-publish","hentry"],"acf":[],"aioseo_notices":[],"_links":{"self":[{"href":"https:\/\/www.bestrongintl.org\/es\/wp-json\/wp\/v2\/pages\/303451","targetHints":{"allow":["GET"]}}],"collection":[{"href":"https:\/\/www.bestrongintl.org\/es\/wp-json\/wp\/v2\/pages"}],"about":[{"href":"https:\/\/www.bestrongintl.org\/es\/wp-json\/wp\/v2\/types\/page"}],"author":[{"embeddable":true,"href":"https:\/\/www.bestrongintl.org\/es\/wp-json\/wp\/v2\/users\/17"}],"replies":[{"embeddable":true,"href":"https:\/\/www.bestrongintl.org\/es\/wp-json\/wp\/v2\/comments?post=303451"}],"version-history":[{"count":1,"href":"https:\/\/www.bestrongintl.org\/es\/wp-json\/wp\/v2\/pages\/303451\/revisions"}],"predecessor-version":[{"id":303452,"href":"https:\/\/www.bestrongintl.org\/es\/wp-json\/wp\/v2\/pages\/303451\/revisions\/303452"}],"wp:attachment":[{"href":"https:\/\/www.bestrongintl.org\/es\/wp-json\/wp\/v2\/media?parent=303451"}],"curies":[{"name":"wp","href":"https:\/\/api.w.org\/{rel}","templated":true}]}}