{"id":303505,"date":"2022-10-07T19:16:51","date_gmt":"2022-10-07T19:16:51","guid":{"rendered":"https:\/\/www.bestrongintl.org\/regala-el-dia-de-miami\/"},"modified":"2024-05-31T07:29:36","modified_gmt":"2024-05-31T07:29:36","slug":"regala-el-dia-de-miami","status":"publish","type":"page","link":"https:\/\/www.bestrongintl.org\/es\/regala-el-dia-de-miami\/","title":{"rendered":"Regala el D\u00eda de Miami"},"content":{"rendered":"\t\t<div data-elementor-type=\"wp-page\" data-elementor-id=\"303505\" class=\"elementor elementor-303505 elementor-279369\" data-elementor-post-type=\"page\">\n\t\t\t\t\t\t<section class=\"has_eae_slider elementor-section elementor-top-section elementor-element elementor-element-9e14102 elementor-section-content-middle elementor-section-boxed elementor-section-height-default elementor-section-height-default\" data-eae-slider=\"94119\" data-dce-background-color=\"#8D1836\" data-id=\"9e14102\" data-element_type=\"section\" data-e-type=\"section\" data-settings=\"{&quot;background_background&quot;:&quot;classic&quot;}\">\n\t\t\t\t\t\t<div class=\"elementor-container elementor-column-gap-default\">\n\t\t\t\t\t<div class=\"has_eae_slider elementor-column elementor-col-100 elementor-top-column elementor-element elementor-element-04a782f\" data-eae-slider=\"90677\" data-id=\"04a782f\" data-element_type=\"column\" data-e-type=\"column\">\n\t\t\t<div class=\"elementor-widget-wrap elementor-element-populated\">\n\t\t\t\t\t\t<section class=\"has_eae_slider elementor-section elementor-inner-section elementor-element elementor-element-1befb49 elementor-section-content-middle elementor-section-boxed elementor-section-height-default elementor-section-height-default\" data-eae-slider=\"31962\" data-id=\"1befb49\" data-element_type=\"section\" data-e-type=\"section\">\n\t\t\t\t\t\t<div class=\"elementor-container elementor-column-gap-default\">\n\t\t\t\t\t<div class=\"has_eae_slider elementor-column elementor-col-100 elementor-inner-column elementor-element elementor-element-f0293cd\" data-eae-slider=\"73440\" data-id=\"f0293cd\" data-element_type=\"column\" data-e-type=\"column\">\n\t\t\t<div class=\"elementor-widget-wrap elementor-element-populated\">\n\t\t\t\t\t\t<div data-dce-title-color=\"#FFFFFF\" class=\"elementor-element elementor-element-3283cfe elementor-widget elementor-widget-heading\" data-id=\"3283cfe\" data-element_type=\"widget\" data-e-type=\"widget\" data-widget_type=\"heading.default\">\n\t\t\t\t<div class=\"elementor-widget-container\">\n\t\t\t\t\t<h2 class=\"elementor-heading-title elementor-size-default\">REGALA EL D\u00cdA DE MIAMI  <\/h2>\t\t\t\t<\/div>\n\t\t\t\t<\/div>\n\t\t\t\t\t<\/div>\n\t\t<\/div>\n\t\t\t\t\t<\/div>\n\t\t<\/section>\n\t\t\t\t\t<\/div>\n\t\t<\/div>\n\t\t\t\t\t<\/div>\n\t\t<\/section>\n\t\t\t\t<section class=\"has_eae_slider elementor-section elementor-top-section elementor-element elementor-element-ecfa356 elementor-section-full_width elementor-section-height-min-height elementor-hidden-desktop elementor-section-height-default elementor-section-items-middle\" data-eae-slider=\"41434\" data-dce-background-color=\"#FFFFFF\" data-id=\"ecfa356\" data-element_type=\"section\" data-e-type=\"section\" data-settings=\"{&quot;background_background&quot;:&quot;classic&quot;}\">\n\t\t\t\t\t\t<div class=\"elementor-container elementor-column-gap-no\">\n\t\t\t\t\t<div class=\"has_eae_slider elementor-column elementor-col-100 elementor-top-column elementor-element elementor-element-e824fc9\" data-eae-slider=\"22464\" data-id=\"e824fc9\" data-element_type=\"column\" data-e-type=\"column\">\n\t\t\t<div class=\"elementor-widget-wrap\">\n\t\t\t\t\t\t\t<\/div>\n\t\t<\/div>\n\t\t\t\t\t<\/div>\n\t\t<\/section>\n\t\t\t\t<section class=\"has_eae_slider elementor-section elementor-top-section elementor-element elementor-element-1cac7e6 elementor-section-height-min-height elementor-section-boxed elementor-section-height-default elementor-section-items-middle\" data-eae-slider=\"52405\" data-dce-background-color=\"#FFFFFF\" data-id=\"1cac7e6\" data-element_type=\"section\" data-e-type=\"section\" data-settings=\"{&quot;background_background&quot;:&quot;classic&quot;}\">\n\t\t\t\t\t\t<div class=\"elementor-container elementor-column-gap-no\">\n\t\t\t\t\t<div class=\"has_eae_slider elementor-column elementor-col-100 elementor-top-column elementor-element elementor-element-9ca47e8\" data-eae-slider=\"7971\" data-id=\"9ca47e8\" data-element_type=\"column\" data-e-type=\"column\">\n\t\t\t<div class=\"elementor-widget-wrap\">\n\t\t\t\t\t\t\t<\/div>\n\t\t<\/div>\n\t\t\t\t\t<\/div>\n\t\t<\/section>\n\t\t\t\t<section class=\"has_eae_slider elementor-section elementor-top-section elementor-element elementor-element-c3cd736 elementor-section-full_width elementor-section-height-min-height elementor-hidden-desktop elementor-hidden-tablet elementor-hidden-mobile elementor-section-height-default elementor-section-items-middle\" data-eae-slider=\"13140\" data-dce-background-color=\"#FFFFFF\" data-dce-background-image-url=\"https:\/\/www.bestrongintl.org\/wp-content\/uploads\/2022\/10\/Web-Banner-for-Give-Miami-Day-Landing-Page-scaled.jpg\" data-id=\"c3cd736\" data-element_type=\"section\" data-e-type=\"section\" data-settings=\"{&quot;background_background&quot;:&quot;classic&quot;}\">\n\t\t\t\t\t\t<div class=\"elementor-container elementor-column-gap-no\">\n\t\t\t\t\t<div class=\"has_eae_slider elementor-column elementor-col-100 elementor-top-column elementor-element elementor-element-a6ef2b4\" data-eae-slider=\"96329\" data-id=\"a6ef2b4\" data-element_type=\"column\" data-e-type=\"column\">\n\t\t\t<div class=\"elementor-widget-wrap\">\n\t\t\t\t\t\t\t<\/div>\n\t\t<\/div>\n\t\t\t\t\t<\/div>\n\t\t<\/section>\n\t\t\t\t<section class=\"has_eae_slider elementor-section elementor-top-section elementor-element elementor-element-dcd3978 elementor-section-height-min-height elementor-hidden-mobile elementor-section-boxed elementor-section-height-default elementor-section-items-middle\" data-eae-slider=\"98910\" data-dce-background-image-url=\"https:\/\/www.bestrongintl.org\/wp-content\/uploads\/2023\/11\/BSI065-23-Give-Miami-Day-Campaign-1920x1080_nw-1.webp\" data-id=\"dcd3978\" data-element_type=\"section\" data-e-type=\"section\" id=\"test1\" data-settings=\"{&quot;background_background&quot;:&quot;classic&quot;}\">\n\t\t\t\t\t\t<div class=\"elementor-container elementor-column-gap-default\">\n\t\t\t\t\t<div class=\"has_eae_slider elementor-column elementor-col-100 elementor-top-column elementor-element elementor-element-a7165a4\" data-eae-slider=\"37651\" data-id=\"a7165a4\" data-element_type=\"column\" data-e-type=\"column\" data-settings=\"{&quot;background_background&quot;:&quot;classic&quot;}\">\n\t\t\t<div class=\"elementor-widget-wrap\">\n\t\t\t\t\t\t\t<\/div>\n\t\t<\/div>\n\t\t\t\t\t<\/div>\n\t\t<\/section>\n\t\t\t\t<section class=\"has_eae_slider elementor-section elementor-top-section elementor-element elementor-element-b01ad29 elementor-section-boxed elementor-section-height-default elementor-section-height-default\" data-eae-slider=\"2351\" data-id=\"b01ad29\" data-element_type=\"section\" data-e-type=\"section\">\n\t\t\t\t\t\t<div class=\"elementor-container elementor-column-gap-default\">\n\t\t\t\t\t<div class=\"has_eae_slider elementor-column elementor-col-100 elementor-top-column elementor-element elementor-element-355597b\" data-eae-slider=\"41043\" data-id=\"355597b\" data-element_type=\"column\" data-e-type=\"column\">\n\t\t\t<div class=\"elementor-widget-wrap elementor-element-populated\">\n\t\t\t\t\t\t<div class=\"elementor-element elementor-element-bfcc877 elementor-widget elementor-widget-html\" data-id=\"bfcc877\" data-element_type=\"widget\" data-e-type=\"widget\" data-widget_type=\"html.default\">\n\t\t\t\t<div class=\"elementor-widget-container\">\n\t\t\t\t\t<script src=\"https:\/\/code.jquery.com\/jquery-3.6.4.min.js\"><\/script><script>$(document).ready(function(){\n    $('#test1').click(function(){\n        console.log(\"it is clicked\");\n      window.open('https:\/\/www.givemiamiday.org\/organization\/bestrongintl', '_blank');\n    });\n  });\n<\/script><style>#test1{\n        cursor: pointer;\n    }\n<\/style>\t\t\t\t<\/div>\n\t\t\t\t<\/div>\n\t\t\t\t\t<\/div>\n\t\t<\/div>\n\t\t\t\t\t<\/div>\n\t\t<\/section>\n\t\t\t\t<section class=\"has_eae_slider elementor-section elementor-top-section elementor-element elementor-element-dbbb88d elementor-hidden-desktop elementor-hidden-tablet elementor-section-boxed elementor-section-height-default elementor-section-height-default\" data-eae-slider=\"17064\" data-id=\"dbbb88d\" data-element_type=\"section\" data-e-type=\"section\">\n\t\t\t\t\t\t<div class=\"elementor-container elementor-column-gap-default\">\n\t\t\t\t\t<div class=\"has_eae_slider elementor-column elementor-col-100 elementor-top-column elementor-element elementor-element-da48dd6\" data-eae-slider=\"89343\" data-id=\"da48dd6\" data-element_type=\"column\" data-e-type=\"column\">\n\t\t\t<div class=\"elementor-widget-wrap elementor-element-populated\">\n\t\t\t\t\t\t<div class=\"elementor-element elementor-element-4e9e11a dce_masking-none elementor-widget elementor-widget-image\" data-id=\"4e9e11a\" data-element_type=\"widget\" data-e-type=\"widget\" data-widget_type=\"image.default\">\n\t\t\t\t<div class=\"elementor-widget-container\">\n\t\t\t\t\t\t\t\t\t\t\t\t\t\t\t\t<a href=\"https:\/\/www.givemiamiday.org\/organization\/bestrongintl\" target=\"_blank\">\n\t\t\t\t\t\t\t<img fetchpriority=\"high\" decoding=\"async\" width=\"800\" height=\"450\" src=\"https:\/\/www.bestrongintl.org\/wp-content\/uploads\/2023\/11\/BSI065-23-Give-Miami-Day-Campaign-1920x1080_nw-1-1024x576.webp\" class=\"attachment-large size-large wp-image-301836\" alt=\"\" srcset=\"https:\/\/www.bestrongintl.org\/wp-content\/uploads\/2023\/11\/BSI065-23-Give-Miami-Day-Campaign-1920x1080_nw-1-1024x576.webp 1024w, https:\/\/www.bestrongintl.org\/wp-content\/uploads\/2023\/11\/BSI065-23-Give-Miami-Day-Campaign-1920x1080_nw-1-600x338.webp 600w, https:\/\/www.bestrongintl.org\/wp-content\/uploads\/2023\/11\/BSI065-23-Give-Miami-Day-Campaign-1920x1080_nw-1-300x169.webp 300w, https:\/\/www.bestrongintl.org\/wp-content\/uploads\/2023\/11\/BSI065-23-Give-Miami-Day-Campaign-1920x1080_nw-1-768x432.webp 768w, https:\/\/www.bestrongintl.org\/wp-content\/uploads\/2023\/11\/BSI065-23-Give-Miami-Day-Campaign-1920x1080_nw-1-1536x864.webp 1536w, https:\/\/www.bestrongintl.org\/wp-content\/uploads\/2023\/11\/BSI065-23-Give-Miami-Day-Campaign-1920x1080_nw-1-1200x675.webp 1200w, https:\/\/www.bestrongintl.org\/wp-content\/uploads\/2023\/11\/BSI065-23-Give-Miami-Day-Campaign-1920x1080_nw-1.webp 1920w\" sizes=\"(max-width: 800px) 100vw, 800px\" \/>\t\t\t\t\t\t\t\t<\/a>\n\t\t\t\t\t\t\t\t\t\t\t\t\t\t\t<\/div>\n\t\t\t\t<\/div>\n\t\t\t\t\t<\/div>\n\t\t<\/div>\n\t\t\t\t\t<\/div>\n\t\t<\/section>\n\t\t\t\t<section class=\"has_eae_slider elementor-section elementor-top-section elementor-element elementor-element-6a5fc67 elementor-section-boxed elementor-section-height-default elementor-section-height-default\" data-eae-slider=\"87675\" data-id=\"6a5fc67\" data-element_type=\"section\" data-e-type=\"section\">\n\t\t\t\t\t\t<div class=\"elementor-container elementor-column-gap-default\">\n\t\t\t\t\t<div class=\"has_eae_slider elementor-column elementor-col-100 elementor-top-column elementor-element elementor-element-17c8dee\" data-eae-slider=\"14141\" data-id=\"17c8dee\" data-element_type=\"column\" data-e-type=\"column\">\n\t\t\t<div class=\"elementor-widget-wrap elementor-element-populated\">\n\t\t\t\t\t\t<div data-dce-title-color=\"#572CA5\" class=\"elementor-element elementor-element-d2983f5 elementor-widget elementor-widget-heading\" data-id=\"d2983f5\" data-element_type=\"widget\" data-e-type=\"widget\" data-widget_type=\"heading.default\">\n\t\t\t\t<div class=\"elementor-widget-container\">\n\t\t\t\t\t<h2 class=\"elementor-heading-title elementor-size-default\">\u00a1Con sus generosas donaciones, estamos curando a nuestra comunidad una habilidad del coraz\u00f3n a la vez!\n<\/h2>\t\t\t\t<\/div>\n\t\t\t\t<\/div>\n\t\t\t\t<div data-dce-text-color=\"#000000\" class=\"elementor-element elementor-element-88752a9 elementor-widget elementor-widget-text-editor\" data-id=\"88752a9\" data-element_type=\"widget\" data-e-type=\"widget\" data-widget_type=\"text-editor.default\">\n\t\t\t\t<div class=\"elementor-widget-container\">\n\t\t\t\t\t\t\t\t\t<p>\u00a1Y gracias a usted, podremos expandir nuestros programas comunitarios y ayudar a sanar y reparar familias con educaci\u00f3n y habilidades card\u00edacas, ayud\u00e1ndolas a pasar del quebrantamiento a la plenitud!  <\/p>\n\t\t\t\t\t\t\t\t<\/div>\n\t\t\t\t<\/div>\n\t\t\t\t<section class=\"has_eae_slider elementor-section elementor-inner-section elementor-element elementor-element-fbbdc94 elementor-section-boxed elementor-section-height-default elementor-section-height-default\" data-eae-slider=\"53327\" data-id=\"fbbdc94\" data-element_type=\"section\" data-e-type=\"section\">\n\t\t\t\t\t\t<div class=\"elementor-container elementor-column-gap-default\">\n\t\t\t\t\t<div class=\"has_eae_slider elementor-column elementor-col-50 elementor-inner-column elementor-element elementor-element-9e99fbd\" data-eae-slider=\"47490\" data-id=\"9e99fbd\" data-element_type=\"column\" data-e-type=\"column\" data-settings=\"{&quot;background_background&quot;:&quot;classic&quot;}\">\n\t\t\t<div class=\"elementor-widget-wrap\">\n\t\t\t\t\t\t\t<\/div>\n\t\t<\/div>\n\t\t\t\t<div class=\"has_eae_slider elementor-column elementor-col-50 elementor-inner-column elementor-element elementor-element-7fba643\" data-eae-slider=\"70986\" data-id=\"7fba643\" data-element_type=\"column\" data-e-type=\"column\">\n\t\t\t<div class=\"elementor-widget-wrap\">\n\t\t\t\t\t\t\t<\/div>\n\t\t<\/div>\n\t\t\t\t\t<\/div>\n\t\t<\/section>\n\t\t\t\t\t<\/div>\n\t\t<\/div>\n\t\t\t\t\t<\/div>\n\t\t<\/section>\n\t\t\t\t<section class=\"has_eae_slider elementor-section elementor-top-section elementor-element elementor-element-a96ba63 elementor-section-boxed elementor-section-height-default elementor-section-height-default\" data-eae-slider=\"1620\" data-dce-background-color=\"#8D1836\" data-dce-background-image-url=\"https:\/\/www.bestrongintl.org\/wp-content\/uploads\/2022\/09\/headerbackground.png\" data-id=\"a96ba63\" data-element_type=\"section\" data-e-type=\"section\" data-settings=\"{&quot;background_background&quot;:&quot;classic&quot;}\">\n\t\t\t\t\t\t<div class=\"elementor-container elementor-column-gap-default\">\n\t\t\t\t\t<div class=\"has_eae_slider elementor-column elementor-col-100 elementor-top-column elementor-element elementor-element-e327226\" data-eae-slider=\"55080\" data-id=\"e327226\" data-element_type=\"column\" data-e-type=\"column\">\n\t\t\t<div class=\"elementor-widget-wrap elementor-element-populated\">\n\t\t\t\t\t\t<div data-dce-title-color=\"#FFFFFF\" class=\"elementor-element elementor-element-f35421d elementor-widget elementor-widget-heading\" data-id=\"f35421d\" data-element_type=\"widget\" data-e-type=\"widget\" data-widget_type=\"heading.default\">\n\t\t\t\t<div class=\"elementor-widget-container\">\n\t\t\t\t\t<h2 class=\"elementor-heading-title elementor-size-default\">TU IMPACTO\n<\/h2>\t\t\t\t<\/div>\n\t\t\t\t<\/div>\n\t\t\t\t<div data-dce-text-color=\"#FFFFFF\" class=\"elementor-element elementor-element-2887f11 elementor-widget elementor-widget-text-editor\" data-id=\"2887f11\" data-element_type=\"widget\" data-e-type=\"widget\" data-widget_type=\"text-editor.default\">\n\t\t\t\t<div class=\"elementor-widget-container\">\n\t\t\t\t\t\t\t\t\t<p><span style=\"font-family: 'Calibri',sans-serif;\">El a\u00f1o pasado hemos atendido:<\/span><\/p>\n\t\t\t\t\t\t\t\t<\/div>\n\t\t\t\t<\/div>\n\t\t\t\t<section class=\"has_eae_slider elementor-section elementor-inner-section elementor-element elementor-element-7d556f4 elementor-section-boxed elementor-section-height-default elementor-section-height-default\" data-eae-slider=\"59012\" data-id=\"7d556f4\" data-element_type=\"section\" data-e-type=\"section\">\n\t\t\t\t\t\t<div class=\"elementor-container elementor-column-gap-default\">\n\t\t\t\t\t<div class=\"has_eae_slider elementor-column elementor-col-100 elementor-inner-column elementor-element elementor-element-b4dfb7e\" data-eae-slider=\"9708\" data-id=\"b4dfb7e\" data-element_type=\"column\" data-e-type=\"column\" data-settings=\"{&quot;background_background&quot;:&quot;classic&quot;}\">\n\t\t\t<div class=\"elementor-widget-wrap elementor-element-populated\">\n\t\t\t\t\t\t<div class=\"elementor-element elementor-element-ef43faf dce_masking-none elementor-widget elementor-widget-image\" data-id=\"ef43faf\" data-element_type=\"widget\" data-e-type=\"widget\" data-widget_type=\"image.default\">\n\t\t\t\t<div class=\"elementor-widget-container\">\n\t\t\t\t\t\t\t\t\t\t\t\t\t\t\t<img decoding=\"async\" width=\"1280\" height=\"625\" src=\"https:\/\/www.bestrongintl.org\/wp-content\/uploads\/2022\/10\/Donor-Impact-Chart.png\" class=\"attachment-1536x1536 size-1536x1536 wp-image-298195\" alt=\"\" srcset=\"https:\/\/www.bestrongintl.org\/wp-content\/uploads\/2022\/10\/Donor-Impact-Chart.png 1280w, https:\/\/www.bestrongintl.org\/wp-content\/uploads\/2022\/10\/Donor-Impact-Chart-300x146.png 300w, https:\/\/www.bestrongintl.org\/wp-content\/uploads\/2022\/10\/Donor-Impact-Chart-1024x500.png 1024w, https:\/\/www.bestrongintl.org\/wp-content\/uploads\/2022\/10\/Donor-Impact-Chart-768x375.png 768w, https:\/\/www.bestrongintl.org\/wp-content\/uploads\/2022\/10\/Donor-Impact-Chart-500x244.png 500w, https:\/\/www.bestrongintl.org\/wp-content\/uploads\/2022\/10\/Donor-Impact-Chart-800x391.png 800w, https:\/\/www.bestrongintl.org\/wp-content\/uploads\/2022\/10\/Donor-Impact-Chart-1200x586.png 1200w, https:\/\/www.bestrongintl.org\/wp-content\/uploads\/2022\/10\/Donor-Impact-Chart-600x293.png 600w\" sizes=\"(max-width: 1280px) 100vw, 1280px\" \/>\t\t\t\t\t\t\t\t\t\t\t\t\t\t\t<\/div>\n\t\t\t\t<\/div>\n\t\t\t\t\t<\/div>\n\t\t<\/div>\n\t\t\t\t\t<\/div>\n\t\t<\/section>\n\t\t\t\t\t<\/div>\n\t\t<\/div>\n\t\t\t\t\t<\/div>\n\t\t<\/section>\n\t\t\t\t<section class=\"has_eae_slider elementor-section elementor-top-section elementor-element elementor-element-5468f08 elementor-section-boxed elementor-section-height-default elementor-section-height-default\" data-eae-slider=\"64156\" data-id=\"5468f08\" data-element_type=\"section\" data-e-type=\"section\">\n\t\t\t\t\t\t<div class=\"elementor-container elementor-column-gap-default\">\n\t\t\t\t\t<div class=\"has_eae_slider elementor-column elementor-col-100 elementor-top-column elementor-element elementor-element-0093ea9\" data-eae-slider=\"70428\" data-id=\"0093ea9\" data-element_type=\"column\" data-e-type=\"column\">\n\t\t\t<div class=\"elementor-widget-wrap elementor-element-populated\">\n\t\t\t\t\t\t<div class=\"elementor-element elementor-element-4d57c23 elementor-widget elementor-widget-spacer\" data-id=\"4d57c23\" data-element_type=\"widget\" data-e-type=\"widget\" data-widget_type=\"spacer.default\">\n\t\t\t\t<div class=\"elementor-widget-container\">\n\t\t\t\t\t\t\t<div class=\"elementor-spacer\">\n\t\t\t<div class=\"elementor-spacer-inner\"><\/div>\n\t\t<\/div>\n\t\t\t\t\t\t<\/div>\n\t\t\t\t<\/div>\n\t\t\t\t<div data-dce-title-color=\"#572CA5\" class=\"elementor-element elementor-element-f487700 elementor-widget elementor-widget-heading\" data-id=\"f487700\" data-element_type=\"widget\" data-e-type=\"widget\" data-widget_type=\"heading.default\">\n\t\t\t\t<div class=\"elementor-widget-container\">\n\t\t\t\t\t<h2 class=\"elementor-heading-title elementor-size-default\">\u00a1GRACIAS A TODOS NUESTROS DONANTES 2022!\n<\/h2>\t\t\t\t<\/div>\n\t\t\t\t<\/div>\n\t\t\t\t\t<\/div>\n\t\t<\/div>\n\t\t\t\t\t<\/div>\n\t\t<\/section>\n\t\t\t\t<section class=\"has_eae_slider elementor-section elementor-top-section elementor-element elementor-element-a627895 elementor-section-height-min-height elementor-hidden-mobile elementor-section-boxed elementor-section-height-default elementor-section-items-middle\" data-eae-slider=\"26187\" data-dce-background-image-url=\"https:\/\/www.bestrongintl.org\/wp-content\/uploads\/2023\/11\/GMD-DONORS-4.jpg\" data-id=\"a627895\" data-element_type=\"section\" data-e-type=\"section\" data-settings=\"{&quot;background_background&quot;:&quot;classic&quot;}\">\n\t\t\t\t\t\t<div class=\"elementor-container elementor-column-gap-default\">\n\t\t\t\t\t<div class=\"has_eae_slider elementor-column elementor-col-100 elementor-top-column elementor-element elementor-element-31b077e\" data-eae-slider=\"92359\" data-id=\"31b077e\" data-element_type=\"column\" data-e-type=\"column\">\n\t\t\t<div class=\"elementor-widget-wrap\">\n\t\t\t\t\t\t\t<\/div>\n\t\t<\/div>\n\t\t\t\t\t<\/div>\n\t\t<\/section>\n\t\t\t\t<section class=\"has_eae_slider elementor-section elementor-top-section elementor-element elementor-element-aa3b0ba elementor-hidden-desktop elementor-hidden-tablet elementor-section-boxed elementor-section-height-default elementor-section-height-default\" data-eae-slider=\"73336\" data-id=\"aa3b0ba\" data-element_type=\"section\" data-e-type=\"section\">\n\t\t\t\t\t\t<div class=\"elementor-container elementor-column-gap-default\">\n\t\t\t\t\t<div class=\"has_eae_slider elementor-column elementor-col-100 elementor-top-column elementor-element elementor-element-eddc7ad\" data-eae-slider=\"84756\" data-id=\"eddc7ad\" data-element_type=\"column\" data-e-type=\"column\">\n\t\t\t<div class=\"elementor-widget-wrap elementor-element-populated\">\n\t\t\t\t\t\t<div class=\"elementor-element elementor-element-f9d6382 dce_masking-none elementor-widget elementor-widget-image\" data-id=\"f9d6382\" data-element_type=\"widget\" data-e-type=\"widget\" data-widget_type=\"image.default\">\n\t\t\t\t<div class=\"elementor-widget-container\">\n\t\t\t\t\t\t\t\t\t\t\t\t\t\t\t<img decoding=\"async\" width=\"900\" height=\"450\" src=\"https:\/\/www.bestrongintl.org\/wp-content\/uploads\/2023\/11\/GMD-DONORS-4.jpg\" class=\"attachment-full size-full wp-image-301838\" alt=\"\" srcset=\"https:\/\/www.bestrongintl.org\/wp-content\/uploads\/2023\/11\/GMD-DONORS-4.jpg 900w, https:\/\/www.bestrongintl.org\/wp-content\/uploads\/2023\/11\/GMD-DONORS-4-600x300.jpg 600w, https:\/\/www.bestrongintl.org\/wp-content\/uploads\/2023\/11\/GMD-DONORS-4-300x150.jpg 300w, https:\/\/www.bestrongintl.org\/wp-content\/uploads\/2023\/11\/GMD-DONORS-4-768x384.jpg 768w\" sizes=\"(max-width: 900px) 100vw, 900px\" \/>\t\t\t\t\t\t\t\t\t\t\t\t\t\t\t<\/div>\n\t\t\t\t<\/div>\n\t\t\t\t\t<\/div>\n\t\t<\/div>\n\t\t\t\t\t<\/div>\n\t\t<\/section>\n\t\t\t\t<section class=\"has_eae_slider elementor-section elementor-top-section elementor-element elementor-element-dcd6b9c elementor-section-boxed elementor-section-height-default elementor-section-height-default\" data-eae-slider=\"92548\" data-id=\"dcd6b9c\" data-element_type=\"section\" data-e-type=\"section\">\n\t\t\t\t\t\t<div class=\"elementor-container elementor-column-gap-default\">\n\t\t\t\t\t<div class=\"has_eae_slider elementor-column elementor-col-100 elementor-top-column elementor-element elementor-element-0964b40\" data-eae-slider=\"21384\" data-id=\"0964b40\" data-element_type=\"column\" data-e-type=\"column\">\n\t\t\t<div class=\"elementor-widget-wrap elementor-element-populated\">\n\t\t\t\t\t\t<div data-dce-text-color=\"#000000\" class=\"elementor-element elementor-element-9db6a16 elementor-widget elementor-widget-text-editor\" data-id=\"9db6a16\" data-element_type=\"widget\" data-e-type=\"widget\" data-widget_type=\"text-editor.default\">\n\t\t\t\t<div class=\"elementor-widget-container\">\n\t\t\t\t\t\t\t\t\t<p>Give Miami Day es el evento de recaudaci\u00f3n de fondos en l\u00ednea m\u00e1s grande, organizado por The Miami Foundation, dedicado a la generosidad y la construcci\u00f3n de comunidades en todo Miami-Dade.<\/p>\n\t\t\t\t\t\t\t\t<\/div>\n\t\t\t\t<\/div>\n\t\t\t\t\t<\/div>\n\t\t<\/div>\n\t\t\t\t\t<\/div>\n\t\t<\/section>\n\t\t\t\t<\/div>\n\t\t","protected":false},"excerpt":{"rendered":"<p>REGALA EL D\u00cdA DE MIAMI \u00a1Con sus generosas donaciones, estamos curando a nuestra comunidad una habilidad del coraz\u00f3n a la vez! \u00a1Y gracias a usted, podremos expandir nuestros programas comunitarios y ayudar a sanar y reparar familias con educaci\u00f3n y habilidades card\u00edacas, ayud\u00e1ndolas a pasar del quebrantamiento a la plenitud! TU IMPACTO El a\u00f1o pasado [&hellip;]<\/p>\n","protected":false},"author":17,"featured_media":0,"parent":0,"menu_order":0,"comment_status":"closed","ping_status":"closed","template":"elementor_header_footer","meta":{"_acf_changed":false,"_monsterinsights_skip_tracking":false,"_monsterinsights_sitenote_active":false,"_monsterinsights_sitenote_note":"","_monsterinsights_sitenote_category":0,"footnotes":""},"class_list":["post-303505","page","type-page","status-publish","hentry"],"acf":[],"aioseo_notices":[],"_links":{"self":[{"href":"https:\/\/www.bestrongintl.org\/es\/wp-json\/wp\/v2\/pages\/303505","targetHints":{"allow":["GET"]}}],"collection":[{"href":"https:\/\/www.bestrongintl.org\/es\/wp-json\/wp\/v2\/pages"}],"about":[{"href":"https:\/\/www.bestrongintl.org\/es\/wp-json\/wp\/v2\/types\/page"}],"author":[{"embeddable":true,"href":"https:\/\/www.bestrongintl.org\/es\/wp-json\/wp\/v2\/users\/17"}],"replies":[{"embeddable":true,"href":"https:\/\/www.bestrongintl.org\/es\/wp-json\/wp\/v2\/comments?post=303505"}],"version-history":[{"count":3,"href":"https:\/\/www.bestrongintl.org\/es\/wp-json\/wp\/v2\/pages\/303505\/revisions"}],"predecessor-version":[{"id":303522,"href":"https:\/\/www.bestrongintl.org\/es\/wp-json\/wp\/v2\/pages\/303505\/revisions\/303522"}],"wp:attachment":[{"href":"https:\/\/www.bestrongintl.org\/es\/wp-json\/wp\/v2\/media?parent=303505"}],"curies":[{"name":"wp","href":"https:\/\/api.w.org\/{rel}","templated":true}]}}