{"id":303543,"date":"2022-12-22T07:02:22","date_gmt":"2022-12-22T07:02:22","guid":{"rendered":"https:\/\/www.bestrongintl.org\/se-fuerte-en-la-mesa-2\/"},"modified":"2025-09-17T18:32:25","modified_gmt":"2025-09-17T18:32:25","slug":"se-fuerte-en-la-mesa-2","status":"publish","type":"page","link":"https:\/\/www.bestrongintl.org\/es\/se-fuerte-en-la-mesa-2\/","title":{"rendered":"Be Strong at the Table"},"content":{"rendered":"\t\t<div data-elementor-type=\"wp-page\" data-elementor-id=\"303543\" class=\"elementor elementor-303543 elementor-282213\" data-elementor-post-type=\"page\">\n\t\t\t\t\t\t<section class=\"has_eae_slider elementor-section elementor-top-section elementor-element elementor-element-0641297 elementor-section-boxed elementor-section-height-default elementor-section-height-default\" data-eae-slider=\"27943\" data-dce-background-image-url=\"https:\/\/www.bestrongintl.org\/wp-content\/uploads\/2023\/06\/br-strong-on-the-table.jpg\" data-id=\"0641297\" data-element_type=\"section\" data-e-type=\"section\" data-settings=\"{&quot;background_background&quot;:&quot;classic&quot;}\">\n\t\t\t\t\t\t<div class=\"elementor-container elementor-column-gap-default\">\n\t\t\t\t\t<div class=\"has_eae_slider elementor-column elementor-col-50 elementor-top-column elementor-element elementor-element-8a7ae33\" data-eae-slider=\"56704\" data-id=\"8a7ae33\" data-element_type=\"column\" data-e-type=\"column\">\n\t\t\t<div class=\"elementor-widget-wrap\">\n\t\t\t\t\t\t\t<\/div>\n\t\t<\/div>\n\t\t\t\t<div class=\"has_eae_slider elementor-column elementor-col-50 elementor-top-column elementor-element elementor-element-a667e65\" data-eae-slider=\"86521\" data-dce-background-overlay-color=\"#FFFFFFDB\" data-id=\"a667e65\" data-element_type=\"column\" data-e-type=\"column\" data-settings=\"{&quot;background_background&quot;:&quot;classic&quot;}\">\n\t\t\t<div class=\"elementor-widget-wrap elementor-element-populated\">\n\t\t\t\t\t<div class=\"elementor-background-overlay\"><\/div>\n\t\t\t\t\t\t<div class=\"elementor-element elementor-element-7315d0b dce_masking-none elementor-widget elementor-widget-image\" data-id=\"7315d0b\" data-element_type=\"widget\" data-e-type=\"widget\" data-widget_type=\"image.default\">\n\t\t\t\t<div class=\"elementor-widget-container\">\n\t\t\t\t\t\t\t\t\t\t\t\t\t\t\t<img fetchpriority=\"high\" decoding=\"async\" width=\"242\" height=\"249\" src=\"https:\/\/www.bestrongintl.org\/wp-content\/uploads\/2022\/12\/image-170.png\" class=\"attachment-large size-large wp-image-299098\" alt=\"\" srcset=\"https:\/\/www.bestrongintl.org\/wp-content\/uploads\/2022\/12\/image-170.png 242w, https:\/\/www.bestrongintl.org\/wp-content\/uploads\/2022\/12\/image-170-45x45.png 45w\" sizes=\"(max-width: 242px) 100vw, 242px\" \/>\t\t\t\t\t\t\t\t\t\t\t\t\t\t\t<\/div>\n\t\t\t\t<\/div>\n\t\t\t\t<div data-dce-title-color=\"#000000\" class=\"elementor-element elementor-element-fd381c5 elementor-widget elementor-widget-heading\" data-id=\"fd381c5\" data-element_type=\"widget\" data-e-type=\"widget\" data-widget_type=\"heading.default\">\n\t\t\t\t<div class=\"elementor-widget-container\">\n\t\t\t\t\t<h2 class=\"elementor-heading-title elementor-size-default\">be strong<\/span><br>at the table<\/h2>\t\t\t\t<\/div>\n\t\t\t\t<\/div>\n\t\t\t\t<div data-dce-background-color=\"#61CE7000\" class=\"elementor-element elementor-element-eecb3db elementor-align-center elementor-widget elementor-widget-button\" data-id=\"eecb3db\" data-element_type=\"widget\" data-e-type=\"widget\" data-widget_type=\"button.default\">\n\t\t\t\t<div class=\"elementor-widget-container\">\n\t\t\t\t\t\t\t\t\t<div class=\"elementor-button-wrapper\">\n\t\t\t\t\t<a class=\"elementor-button elementor-button-link elementor-size-sm elementor-animation-grow\" href=\"https:\/\/link.bestrongintl.org\/widget\/form\/WBxtJBoMS1InisMOE7Jp\">\n\t\t\t\t\t\t<span class=\"elementor-button-content-wrapper\">\n\t\t\t\t\t\t<span class=\"elementor-button-icon\">\n\t\t\t\t<i aria-hidden=\"true\" class=\"fas fa-angle-double-right\"><\/i>\t\t\t<\/span>\n\t\t\t\t\t\t\t\t\t<span class=\"elementor-button-text\">Reg\u00edstrate Hoy<\/span>\n\t\t\t\t\t<\/span>\n\t\t\t\t\t<\/a>\n\t\t\t\t<\/div>\n\t\t\t\t\t\t\t\t<\/div>\n\t\t\t\t<\/div>\n\t\t\t\t\t<\/div>\n\t\t<\/div>\n\t\t\t\t\t<\/div>\n\t\t<\/section>\n\t\t\t\t<section class=\"has_eae_slider elementor-section elementor-top-section elementor-element elementor-element-d087eaa elementor-section-boxed elementor-section-height-default elementor-section-height-default\" data-eae-slider=\"19332\" data-id=\"d087eaa\" data-element_type=\"section\" data-e-type=\"section\">\n\t\t\t\t\t\t<div class=\"elementor-container elementor-column-gap-default\">\n\t\t\t\t\t<div class=\"has_eae_slider elementor-column elementor-col-50 elementor-top-column elementor-element elementor-element-02a4e55\" data-eae-slider=\"5592\" data-id=\"02a4e55\" data-element_type=\"column\" data-e-type=\"column\">\n\t\t\t<div class=\"elementor-widget-wrap elementor-element-populated\">\n\t\t\t\t\t\t<div class=\"elementor-element elementor-element-515cdc3 dce_masking-none elementor-widget elementor-widget-video\" data-id=\"515cdc3\" data-element_type=\"widget\" data-e-type=\"widget\" data-settings=\"{&quot;youtube_url&quot;:&quot;https:\\\/\\\/youtu.be\\\/47IJsC5w2iU&quot;,&quot;video_type&quot;:&quot;youtube&quot;,&quot;controls&quot;:&quot;yes&quot;}\" data-widget_type=\"video.default\">\n\t\t\t\t<div class=\"elementor-widget-container\">\n\t\t\t\t\t\t\t<div class=\"elementor-wrapper elementor-open-inline\">\n\t\t\t<div class=\"elementor-video\"><\/div>\t\t<\/div>\n\t\t\t\t\t\t<\/div>\n\t\t\t\t<\/div>\n\t\t\t\t\t<\/div>\n\t\t<\/div>\n\t\t\t\t<div class=\"has_eae_slider elementor-column elementor-col-50 elementor-top-column elementor-element elementor-element-567d5ef\" data-eae-slider=\"66561\" data-id=\"567d5ef\" data-element_type=\"column\" data-e-type=\"column\">\n\t\t\t<div class=\"elementor-widget-wrap elementor-element-populated\">\n\t\t\t\t\t\t<div data-dce-title-color=\"#8F0032\" class=\"elementor-element elementor-element-2a0d49b elementor-widget elementor-widget-heading\" data-id=\"2a0d49b\" data-element_type=\"widget\" data-e-type=\"widget\" data-widget_type=\"heading.default\">\n\t\t\t\t<div class=\"elementor-widget-container\">\n\t\t\t\t\t<h2 class=\"elementor-heading-title elementor-size-default\">Estreno del Documental \u201cBe Strong At The Table\u201d<\/h2>\t\t\t\t<\/div>\n\t\t\t\t<\/div>\n\t\t\t\t<div data-dce-text-color=\"#000000\" class=\"elementor-element elementor-element-e972be9 elementor-widget elementor-widget-text-editor\" data-id=\"e972be9\" data-element_type=\"widget\" data-e-type=\"widget\" data-widget_type=\"text-editor.default\">\n\t\t\t\t<div class=\"elementor-widget-container\">\n\t\t\t\t\t\t\t\t\t<p>Be Strong At The Table (BSATT) es una experiencia \u00fanica dise\u00f1ada para profundizar la empat\u00eda y promover un di\u00e1logo intencional entre los miembros de la comunidad, sin importar sus diferencias. Una diversidad de residentes de Miami, incluidos agentes de polic\u00eda, l\u00edderes comunitarios y familias de diferentes razas, culturas y contextos socioecon\u00f3micos\u2014 se reunieron para compartir, re\u00edr y dialogar sobre temas sociales, \u00a1todo mientras compart\u00edan la mesa! Estas sesiones se grabaron para crear un documental y compartirlo con toda la comunidad. Acomp\u00e1\u00f1anos en este evento de estreno para descubrir juntos c\u00f3mo construir una comunidad libre de prejuicios, irrespeto, divisi\u00f3n, discriminaci\u00f3n y racismo.<\/p>\t\t\t\t\t\t\t\t<\/div>\n\t\t\t\t<\/div>\n\t\t\t\t\t<\/div>\n\t\t<\/div>\n\t\t\t\t\t<\/div>\n\t\t<\/section>\n\t\t\t\t<section class=\"has_eae_slider elementor-section elementor-top-section elementor-element elementor-element-af6d6fa elementor-section-content-middle elementor-reverse-tablet elementor-reverse-mobile elementor-section-boxed elementor-section-height-default elementor-section-height-default\" data-eae-slider=\"17185\" data-id=\"af6d6fa\" data-element_type=\"section\" data-e-type=\"section\">\n\t\t\t\t\t\t<div class=\"elementor-container elementor-column-gap-default\">\n\t\t\t\t\t<div class=\"has_eae_slider elementor-column elementor-col-50 elementor-top-column elementor-element elementor-element-a75ca7a\" data-eae-slider=\"25587\" data-id=\"a75ca7a\" data-element_type=\"column\" data-e-type=\"column\">\n\t\t\t<div class=\"elementor-widget-wrap elementor-element-populated\">\n\t\t\t\t\t\t<div data-dce-title-color=\"#000000\" class=\"elementor-element elementor-element-059317e elementor-widget elementor-widget-heading\" data-id=\"059317e\" data-element_type=\"widget\" data-e-type=\"widget\" data-widget_type=\"heading.default\">\n\t\t\t\t<div class=\"elementor-widget-container\">\n\t\t\t\t\t<h2 class=\"elementor-heading-title elementor-size-default\">QUI\u00c9NES SOMOS:<\/h2>\t\t\t\t<\/div>\n\t\t\t\t<\/div>\n\t\t\t\t<div data-dce-title-color=\"#8F0032\" class=\"elementor-element elementor-element-791592c elementor-widget elementor-widget-heading\" data-id=\"791592c\" data-element_type=\"widget\" data-e-type=\"widget\" data-widget_type=\"heading.default\">\n\t\t\t\t<div class=\"elementor-widget-container\">\n\t\t\t\t\t<h2 class=\"elementor-heading-title elementor-size-default\">Un equipo apasionado por la integraci\u00f3n<\/h2>\t\t\t\t<\/div>\n\t\t\t\t<\/div>\n\t\t\t\t<div data-dce-text-color=\"#000000\" class=\"elementor-element elementor-element-7864dbb elementor-widget elementor-widget-text-editor\" data-id=\"7864dbb\" data-element_type=\"widget\" data-e-type=\"widget\" data-widget_type=\"text-editor.default\">\n\t\t\t\t<div class=\"elementor-widget-container\">\n\t\t\t\t\t\t\t\t\t<p>BSATT es una experiencia \u00fanica para fortalecer relaciones, ofrecida a trav\u00e9s de una din\u00e1mica de cena en mesa redonda. Este proyecto se enfoca en profundizar la empat\u00eda y promover un di\u00e1logo intencional entre los miembros de la comunidad, sin importar sus diferencias. Los participantes de la cena incluyen una combinaci\u00f3n de familias locales, j\u00f3venes y l\u00edderes comunitarios de diversos or\u00edgenes raciales, culturales y socioecon\u00f3micos, que se re\u00fanen para abordar el tema de la injusticia social mientras comparten una comida.<\/p><p>\u00a1La inscripci\u00f3n para el programa ha finalizado por ahora, pero contin\u00faa buscando actualizaciones para conocer m\u00e1s sobre nuestras &#8220;Charlas Saborizadas&#8221;!<\/p>\t\t\t\t\t\t\t\t<\/div>\n\t\t\t\t<\/div>\n\t\t\t\t\t<\/div>\n\t\t<\/div>\n\t\t\t\t<div class=\"has_eae_slider elementor-column elementor-col-50 elementor-top-column elementor-element elementor-element-278a877\" data-eae-slider=\"15105\" data-id=\"278a877\" data-element_type=\"column\" data-e-type=\"column\">\n\t\t\t<div class=\"elementor-widget-wrap elementor-element-populated\">\n\t\t\t\t\t\t<div class=\"elementor-element elementor-element-208990b dce_masking-none elementor-widget elementor-widget-image\" data-id=\"208990b\" data-element_type=\"widget\" data-e-type=\"widget\" data-widget_type=\"image.default\">\n\t\t\t\t<div class=\"elementor-widget-container\">\n\t\t\t\t\t\t\t\t\t\t\t\t\t\t\t<img decoding=\"async\" width=\"601\" height=\"348\" src=\"https:\/\/www.bestrongintl.org\/wp-content\/uploads\/2022\/12\/A-team-that-loves-to-integrate.png\" class=\"attachment-full size-full wp-image-298994\" alt=\"\" srcset=\"https:\/\/www.bestrongintl.org\/wp-content\/uploads\/2022\/12\/A-team-that-loves-to-integrate.png 601w, https:\/\/www.bestrongintl.org\/wp-content\/uploads\/2022\/12\/A-team-that-loves-to-integrate-300x174.png 300w, https:\/\/www.bestrongintl.org\/wp-content\/uploads\/2022\/12\/A-team-that-loves-to-integrate-500x290.png 500w\" sizes=\"(max-width: 601px) 100vw, 601px\" \/>\t\t\t\t\t\t\t\t\t\t\t\t\t\t\t<\/div>\n\t\t\t\t<\/div>\n\t\t\t\t\t<\/div>\n\t\t<\/div>\n\t\t\t\t\t<\/div>\n\t\t<\/section>\n\t\t\t\t<section class=\"has_eae_slider elementor-section elementor-top-section elementor-element elementor-element-9b64749 elementor-section-content-middle elementor-section-boxed elementor-section-height-default elementor-section-height-default\" data-eae-slider=\"20331\" data-id=\"9b64749\" data-element_type=\"section\" data-e-type=\"section\">\n\t\t\t\t\t\t<div class=\"elementor-container elementor-column-gap-default\">\n\t\t\t\t\t<div class=\"has_eae_slider elementor-column elementor-col-50 elementor-top-column elementor-element elementor-element-225fab3\" data-eae-slider=\"14175\" data-id=\"225fab3\" data-element_type=\"column\" data-e-type=\"column\">\n\t\t\t<div class=\"elementor-widget-wrap elementor-element-populated\">\n\t\t\t\t\t\t<div class=\"elementor-element elementor-element-0eda498 dce_masking-none elementor-widget elementor-widget-image\" data-id=\"0eda498\" data-element_type=\"widget\" data-e-type=\"widget\" data-widget_type=\"image.default\">\n\t\t\t\t<div class=\"elementor-widget-container\">\n\t\t\t\t\t\t\t\t\t\t\t\t\t\t\t<img decoding=\"async\" width=\"2000\" height=\"1264\" src=\"https:\/\/www.bestrongintl.org\/wp-content\/uploads\/2022\/05\/Be-Strong-At-The-Table-Documentary-Participants-2.jpg\" class=\"attachment-full size-full wp-image-296899\" alt=\"\" srcset=\"https:\/\/www.bestrongintl.org\/wp-content\/uploads\/2022\/05\/Be-Strong-At-The-Table-Documentary-Participants-2.jpg 2000w, https:\/\/www.bestrongintl.org\/wp-content\/uploads\/2022\/05\/Be-Strong-At-The-Table-Documentary-Participants-2-300x190.jpg 300w, https:\/\/www.bestrongintl.org\/wp-content\/uploads\/2022\/05\/Be-Strong-At-The-Table-Documentary-Participants-2-1024x647.jpg 1024w, https:\/\/www.bestrongintl.org\/wp-content\/uploads\/2022\/05\/Be-Strong-At-The-Table-Documentary-Participants-2-768x485.jpg 768w, https:\/\/www.bestrongintl.org\/wp-content\/uploads\/2022\/05\/Be-Strong-At-The-Table-Documentary-Participants-2-1536x971.jpg 1536w, https:\/\/www.bestrongintl.org\/wp-content\/uploads\/2022\/05\/Be-Strong-At-The-Table-Documentary-Participants-2-500x316.jpg 500w, https:\/\/www.bestrongintl.org\/wp-content\/uploads\/2022\/05\/Be-Strong-At-The-Table-Documentary-Participants-2-800x506.jpg 800w, https:\/\/www.bestrongintl.org\/wp-content\/uploads\/2022\/05\/Be-Strong-At-The-Table-Documentary-Participants-2-1280x809.jpg 1280w, https:\/\/www.bestrongintl.org\/wp-content\/uploads\/2022\/05\/Be-Strong-At-The-Table-Documentary-Participants-2-1920x1213.jpg 1920w, https:\/\/www.bestrongintl.org\/wp-content\/uploads\/2022\/05\/Be-Strong-At-The-Table-Documentary-Participants-2-1200x758.jpg 1200w, https:\/\/www.bestrongintl.org\/wp-content\/uploads\/2022\/05\/Be-Strong-At-The-Table-Documentary-Participants-2-1980x1251.jpg 1980w, https:\/\/www.bestrongintl.org\/wp-content\/uploads\/2022\/05\/Be-Strong-At-The-Table-Documentary-Participants-2-600x379.jpg 600w\" sizes=\"(max-width: 2000px) 100vw, 2000px\" \/>\t\t\t\t\t\t\t\t\t\t\t\t\t\t\t<\/div>\n\t\t\t\t<\/div>\n\t\t\t\t\t<\/div>\n\t\t<\/div>\n\t\t\t\t<div class=\"has_eae_slider elementor-column elementor-col-50 elementor-top-column elementor-element elementor-element-726a417\" data-eae-slider=\"1527\" data-id=\"726a417\" data-element_type=\"column\" data-e-type=\"column\">\n\t\t\t<div class=\"elementor-widget-wrap elementor-element-populated\">\n\t\t\t\t\t\t<div data-dce-title-color=\"#000000\" class=\"elementor-element elementor-element-e124121 elementor-widget elementor-widget-heading\" data-id=\"e124121\" data-element_type=\"widget\" data-e-type=\"widget\" data-widget_type=\"heading.default\">\n\t\t\t\t<div class=\"elementor-widget-container\">\n\t\t\t\t\t<h2 class=\"elementor-heading-title elementor-size-default\">QU\u00c9 HACEMOS:<\/h2>\t\t\t\t<\/div>\n\t\t\t\t<\/div>\n\t\t\t\t<div data-dce-title-color=\"#8F0032\" class=\"elementor-element elementor-element-aff87a7 elementor-widget elementor-widget-heading\" data-id=\"aff87a7\" data-element_type=\"widget\" data-e-type=\"widget\" data-widget_type=\"heading.default\">\n\t\t\t\t<div class=\"elementor-widget-container\">\n\t\t\t\t\t<h2 class=\"elementor-heading-title elementor-size-default\">Ampliar la comprensi\u00f3n<\/h2>\t\t\t\t<\/div>\n\t\t\t\t<\/div>\n\t\t\t\t<div data-dce-text-color=\"#000000\" class=\"elementor-element elementor-element-148bf8b elementor-widget elementor-widget-text-editor\" data-id=\"148bf8b\" data-element_type=\"widget\" data-e-type=\"widget\" data-widget_type=\"text-editor.default\">\n\t\t\t\t<div class=\"elementor-widget-container\">\n\t\t\t\t\t\t\t\t\t<p>Una experiencia interactiva enfocada en los fundamentos del di\u00e1logo saludable y la empat\u00eda compasiva. Los m\u00f3dulos del curso brindar\u00e1n herramientas para adquirir conocimientos y desarrollar habilidades que promuevan una comunicaci\u00f3n positiva con los dem\u00e1s, incluso ante diferencias personales. Los materiales del curso explican c\u00f3mo el di\u00e1logo saludable es fundamental para desarrollar y mantener relaciones sanas, y ofrecen informaci\u00f3n sobre la empat\u00eda cognitiva, emocional y compasiva.<\/p><p>Este proyecto tambi\u00e9n incluir\u00e1 la creaci\u00f3n de un innovador conjunto de herramientas que permitir\u00e1 a instituciones y organizaciones de todo el condado de Miami-Dade replicar el modelo BSATT. Adem\u00e1s, estrenaremos un documental que mostrar\u00e1 el proceso de cada miembro de la comunidad para crear conciencia sobre las barreras que dificultan el progreso significativo hacia la igualdad y la justicia en nuestra comunidad.<\/p><p>\u00bfNecesitas m\u00e1s informaci\u00f3n?  <a href=\"https:\/\/bestrongintl.org\/contact-us\/\">Cont\u00e1ctanos<\/a><\/p>\t\t\t\t\t\t\t\t<\/div>\n\t\t\t\t<\/div>\n\t\t\t\t\t<\/div>\n\t\t<\/div>\n\t\t\t\t\t<\/div>\n\t\t<\/section>\n\t\t\t\t<section class=\"has_eae_slider elementor-section elementor-top-section elementor-element elementor-element-617ae37 elementor-section-boxed elementor-section-height-default elementor-section-height-default\" data-eae-slider=\"56403\" data-id=\"617ae37\" data-element_type=\"section\" data-e-type=\"section\">\n\t\t\t\t\t\t<div class=\"elementor-container elementor-column-gap-default\">\n\t\t\t\t\t<div class=\"has_eae_slider elementor-column elementor-col-100 elementor-top-column elementor-element elementor-element-83d73dc\" data-eae-slider=\"98789\" data-id=\"83d73dc\" data-element_type=\"column\" data-e-type=\"column\">\n\t\t\t<div class=\"elementor-widget-wrap elementor-element-populated\">\n\t\t\t\t\t\t<div data-dce-title-color=\"#8F0032\" class=\"elementor-element elementor-element-dfa4710 elementor-widget elementor-widget-heading\" data-id=\"dfa4710\" data-element_type=\"widget\" data-e-type=\"widget\" data-widget_type=\"heading.default\">\n\t\t\t\t<div class=\"elementor-widget-container\">\n\t\t\t\t\t<h2 class=\"elementor-heading-title elementor-size-default\">Participantes de BSATT<\/h2>\t\t\t\t<\/div>\n\t\t\t\t<\/div>\n\t\t\t\t\t<\/div>\n\t\t<\/div>\n\t\t\t\t\t<\/div>\n\t\t<\/section>\n\t\t\t\t<section class=\"has_eae_slider elementor-section elementor-top-section elementor-element elementor-element-2674001 elementor-section-boxed elementor-section-height-default elementor-section-height-default\" data-eae-slider=\"9648\" data-id=\"2674001\" data-element_type=\"section\" data-e-type=\"section\">\n\t\t\t\t\t\t<div class=\"elementor-container elementor-column-gap-default\">\n\t\t\t\t\t<div class=\"has_eae_slider elementor-column elementor-col-100 elementor-top-column elementor-element elementor-element-e38959e\" data-eae-slider=\"34229\" data-id=\"e38959e\" data-element_type=\"column\" data-e-type=\"column\">\n\t\t\t<div class=\"elementor-widget-wrap elementor-element-populated\">\n\t\t\t\t\t\t<div class=\"elementor-element elementor-element-940c457 elementor-arrows-position-outside elementor-widget elementor-widget-image-carousel\" data-id=\"940c457\" data-element_type=\"widget\" data-e-type=\"widget\" data-settings=\"{&quot;slides_to_show&quot;:&quot;4&quot;,&quot;slides_to_scroll&quot;:&quot;1&quot;,&quot;navigation&quot;:&quot;arrows&quot;,&quot;autoplay&quot;:&quot;yes&quot;,&quot;pause_on_hover&quot;:&quot;yes&quot;,&quot;pause_on_interaction&quot;:&quot;yes&quot;,&quot;autoplay_speed&quot;:5000,&quot;infinite&quot;:&quot;yes&quot;,&quot;speed&quot;:500}\" data-widget_type=\"image-carousel.default\">\n\t\t\t\t<div class=\"elementor-widget-container\">\n\t\t\t\t\t\t\t<div class=\"elementor-image-carousel-wrapper swiper\" role=\"region\" aria-roledescription=\"carousel\" aria-label=\"Carrusel de im\u00e1genes\" dir=\"ltr\">\n\t\t\t<div class=\"elementor-image-carousel swiper-wrapper\" aria-live=\"off\">\n\t\t\t\t\t\t\t\t<div class=\"swiper-slide\" role=\"group\" aria-roledescription=\"slide\" aria-label=\"1 de 4\"><figure class=\"swiper-slide-inner\"><img decoding=\"async\" class=\"swiper-slide-image\" src=\"https:\/\/www.bestrongintl.org\/wp-content\/uploads\/2022\/12\/BSATT-Participants-4.png\" alt=\"BSATT Participants 4\" \/><\/figure><\/div><div class=\"swiper-slide\" role=\"group\" aria-roledescription=\"slide\" aria-label=\"2 de 4\"><figure class=\"swiper-slide-inner\"><img decoding=\"async\" class=\"swiper-slide-image\" src=\"https:\/\/www.bestrongintl.org\/wp-content\/uploads\/2022\/12\/BSATT-Participants-1.png\" alt=\"BSATT Participants 1\" \/><\/figure><\/div><div class=\"swiper-slide\" role=\"group\" aria-roledescription=\"slide\" aria-label=\"3 de 4\"><figure class=\"swiper-slide-inner\"><img decoding=\"async\" class=\"swiper-slide-image\" src=\"https:\/\/www.bestrongintl.org\/wp-content\/uploads\/2022\/12\/BSATT-Participants-2.png\" alt=\"BSATT Participants 2\" \/><\/figure><\/div><div class=\"swiper-slide\" role=\"group\" aria-roledescription=\"slide\" aria-label=\"4 de 4\"><figure class=\"swiper-slide-inner\"><img decoding=\"async\" class=\"swiper-slide-image\" src=\"https:\/\/www.bestrongintl.org\/wp-content\/uploads\/2022\/12\/BSATT-Participants-3.png\" alt=\"BSATT Participants 3\" \/><\/figure><\/div>\t\t\t<\/div>\n\t\t\t\t\t\t\t\t\t\t\t\t<div class=\"elementor-swiper-button elementor-swiper-button-prev\" role=\"button\" tabindex=\"0\">\n\t\t\t\t\t\t<i aria-hidden=\"true\" class=\"eicon-chevron-left\"><\/i>\t\t\t\t\t<\/div>\n\t\t\t\t\t<div class=\"elementor-swiper-button elementor-swiper-button-next\" role=\"button\" tabindex=\"0\">\n\t\t\t\t\t\t<i aria-hidden=\"true\" class=\"eicon-chevron-right\"><\/i>\t\t\t\t\t<\/div>\n\t\t\t\t\n\t\t\t\t\t\t\t\t\t<\/div>\n\t\t\t\t\t\t<\/div>\n\t\t\t\t<\/div>\n\t\t\t\t\t<\/div>\n\t\t<\/div>\n\t\t\t\t\t<\/div>\n\t\t<\/section>\n\t\t\t\t<\/div>\n\t\t","protected":false},"excerpt":{"rendered":"<p>be strongat the table Reg\u00edstrate Hoy Estreno del Documental \u201cBe Strong At The Table\u201d Be Strong At The Table (BSATT) es una experiencia \u00fanica dise\u00f1ada para profundizar la empat\u00eda y promover un di\u00e1logo intencional entre los miembros de la comunidad, sin importar sus diferencias. Una diversidad de residentes de Miami, incluidos agentes de polic\u00eda, l\u00edderes [&hellip;]<\/p>\n","protected":false},"author":17,"featured_media":0,"parent":0,"menu_order":0,"comment_status":"closed","ping_status":"closed","template":"elementor_header_footer","meta":{"_acf_changed":false,"_monsterinsights_skip_tracking":false,"_monsterinsights_sitenote_active":false,"_monsterinsights_sitenote_note":"","_monsterinsights_sitenote_category":0,"footnotes":""},"class_list":["post-303543","page","type-page","status-publish","hentry"],"acf":[],"aioseo_notices":[],"_links":{"self":[{"href":"https:\/\/www.bestrongintl.org\/es\/wp-json\/wp\/v2\/pages\/303543","targetHints":{"allow":["GET"]}}],"collection":[{"href":"https:\/\/www.bestrongintl.org\/es\/wp-json\/wp\/v2\/pages"}],"about":[{"href":"https:\/\/www.bestrongintl.org\/es\/wp-json\/wp\/v2\/types\/page"}],"author":[{"embeddable":true,"href":"https:\/\/www.bestrongintl.org\/es\/wp-json\/wp\/v2\/users\/17"}],"replies":[{"embeddable":true,"href":"https:\/\/www.bestrongintl.org\/es\/wp-json\/wp\/v2\/comments?post=303543"}],"version-history":[{"count":3,"href":"https:\/\/www.bestrongintl.org\/es\/wp-json\/wp\/v2\/pages\/303543\/revisions"}],"predecessor-version":[{"id":311979,"href":"https:\/\/www.bestrongintl.org\/es\/wp-json\/wp\/v2\/pages\/303543\/revisions\/311979"}],"wp:attachment":[{"href":"https:\/\/www.bestrongintl.org\/es\/wp-json\/wp\/v2\/media?parent=303543"}],"curies":[{"name":"wp","href":"https:\/\/api.w.org\/{rel}","templated":true}]}}