{"id":308955,"date":"2023-04-19T20:17:19","date_gmt":"2023-04-19T20:17:19","guid":{"rendered":"https:\/\/www.bestrongintl.org\/voluntario\/"},"modified":"2025-03-05T07:58:30","modified_gmt":"2025-03-05T07:58:30","slug":"voluntario","status":"publish","type":"page","link":"https:\/\/www.bestrongintl.org\/es\/voluntario\/","title":{"rendered":"Voluntario"},"content":{"rendered":"\t\t<div data-elementor-type=\"wp-page\" data-elementor-id=\"308955\" class=\"elementor elementor-308955 elementor-285148\" data-elementor-post-type=\"page\">\n\t\t\t\t\t\t<section class=\"has_eae_slider elementor-section elementor-top-section elementor-element elementor-element-1463f79 elementor-section-boxed elementor-section-height-default elementor-section-height-default\" data-eae-slider=\"78042\" data-id=\"1463f79\" data-element_type=\"section\" data-e-type=\"section\">\n\t\t\t\t\t\t<div class=\"elementor-container elementor-column-gap-default\">\n\t\t\t\t\t<div class=\"has_eae_slider elementor-column elementor-col-100 elementor-top-column elementor-element elementor-element-0823874\" data-eae-slider=\"92095\" data-id=\"0823874\" data-element_type=\"column\" data-e-type=\"column\">\n\t\t\t<div class=\"elementor-widget-wrap elementor-element-populated\">\n\t\t\t\t\t\t<div class=\"elementor-element elementor-element-3dbb56e dce_masking-none elementor-widget elementor-widget-video\" data-id=\"3dbb56e\" data-element_type=\"widget\" data-e-type=\"widget\" data-settings=\"{&quot;youtube_url&quot;:&quot;https:\\\/\\\/youtu.be\\\/Jfkm9vkcHMA&quot;,&quot;video_type&quot;:&quot;youtube&quot;,&quot;controls&quot;:&quot;yes&quot;}\" data-widget_type=\"video.default\">\n\t\t\t\t<div class=\"elementor-widget-container\">\n\t\t\t\t\t\t\t<div class=\"elementor-wrapper elementor-open-inline\">\n\t\t\t<div class=\"elementor-video\"><\/div>\t\t<\/div>\n\t\t\t\t\t\t<\/div>\n\t\t\t\t<\/div>\n\t\t\t\t\t<\/div>\n\t\t<\/div>\n\t\t\t\t\t<\/div>\n\t\t<\/section>\n\t\t\t\t<section class=\"has_eae_slider elementor-section elementor-top-section elementor-element elementor-element-1cbefb5 elementor-section-boxed elementor-section-height-default elementor-section-height-default\" data-eae-slider=\"51952\" data-id=\"1cbefb5\" data-element_type=\"section\" data-e-type=\"section\">\n\t\t\t\t\t\t<div class=\"elementor-container elementor-column-gap-default\">\n\t\t\t\t\t<div class=\"has_eae_slider elementor-column elementor-col-100 elementor-top-column elementor-element elementor-element-e842ad2\" data-eae-slider=\"91851\" data-id=\"e842ad2\" data-element_type=\"column\" data-e-type=\"column\">\n\t\t\t<div class=\"elementor-widget-wrap elementor-element-populated\">\n\t\t\t\t\t\t<section class=\"has_eae_slider elementor-section elementor-inner-section elementor-element elementor-element-f136d4c elementor-section-boxed elementor-section-height-default elementor-section-height-default\" data-eae-slider=\"60854\" data-id=\"f136d4c\" data-element_type=\"section\" data-e-type=\"section\">\n\t\t\t\t\t\t<div class=\"elementor-container elementor-column-gap-default\">\n\t\t\t\t\t<div class=\"has_eae_slider elementor-column elementor-col-50 elementor-inner-column elementor-element elementor-element-2560684\" data-eae-slider=\"72299\" data-id=\"2560684\" data-element_type=\"column\" data-e-type=\"column\">\n\t\t\t<div class=\"elementor-widget-wrap elementor-element-populated\">\n\t\t\t\t\t\t<div class=\"elementor-element elementor-element-ffe47a6 elementor-widget elementor-widget-heading\" data-id=\"ffe47a6\" data-element_type=\"widget\" data-e-type=\"widget\" data-widget_type=\"heading.default\">\n\t\t\t\t<div class=\"elementor-widget-container\">\n\t\t\t\t\t<h2 class=\"elementor-heading-title elementor-size-default\">\u00a1HAZTE VOLUNTARIO <br>CON NOSOTROS!<\/h2>\t\t\t\t<\/div>\n\t\t\t\t<\/div>\n\t\t\t\t<div class=\"elementor-element elementor-element-5125f35 elementor-align-center elementor-widget elementor-widget-button\" data-id=\"5125f35\" data-element_type=\"widget\" data-e-type=\"widget\" data-widget_type=\"button.default\">\n\t\t\t\t<div class=\"elementor-widget-container\">\n\t\t\t\t\t\t\t\t\t<div class=\"elementor-button-wrapper\">\n\t\t\t\t\t<a class=\"elementor-button elementor-button-link elementor-size-lg\" href=\"https:\/\/link.bestrongintl.org\/widget\/survey\/t3SsTYVKBPmWYQDc2noR\">\n\t\t\t\t\t\t<span class=\"elementor-button-content-wrapper\">\n\t\t\t\t\t\t\t\t\t<span class=\"elementor-button-text\">INSCRIBIRSE<\/span>\n\t\t\t\t\t<\/span>\n\t\t\t\t\t<\/a>\n\t\t\t\t<\/div>\n\t\t\t\t\t\t\t\t<\/div>\n\t\t\t\t<\/div>\n\t\t\t\t<div class=\"elementor-element elementor-element-d60049b dce_masking-none elementor-widget elementor-widget-image\" data-id=\"d60049b\" data-element_type=\"widget\" data-e-type=\"widget\" data-widget_type=\"image.default\">\n\t\t\t\t<div class=\"elementor-widget-container\">\n\t\t\t\t\t\t\t\t\t\t\t\t\t\t\t<img fetchpriority=\"high\" decoding=\"async\" width=\"800\" height=\"800\" src=\"https:\/\/www.bestrongintl.org\/wp-content\/uploads\/2023\/04\/7-1-1-1024x1024.png\" class=\"attachment-large size-large wp-image-300028\" alt=\"\" srcset=\"https:\/\/www.bestrongintl.org\/wp-content\/uploads\/2023\/04\/7-1-1-1024x1024.png 1024w, https:\/\/www.bestrongintl.org\/wp-content\/uploads\/2023\/04\/7-1-1-300x300.png 300w, https:\/\/www.bestrongintl.org\/wp-content\/uploads\/2023\/04\/7-1-1-150x150.png 150w, https:\/\/www.bestrongintl.org\/wp-content\/uploads\/2023\/04\/7-1-1-768x768.png 768w, https:\/\/www.bestrongintl.org\/wp-content\/uploads\/2023\/04\/7-1-1-500x500.png 500w, https:\/\/www.bestrongintl.org\/wp-content\/uploads\/2023\/04\/7-1-1-800x800.png 800w, https:\/\/www.bestrongintl.org\/wp-content\/uploads\/2023\/04\/7-1-1-450x450.png 450w, https:\/\/www.bestrongintl.org\/wp-content\/uploads\/2023\/04\/7-1-1-600x600.png 600w, https:\/\/www.bestrongintl.org\/wp-content\/uploads\/2023\/04\/7-1-1-100x100.png 100w, https:\/\/www.bestrongintl.org\/wp-content\/uploads\/2023\/04\/7-1-1-45x45.png 45w, https:\/\/www.bestrongintl.org\/wp-content\/uploads\/2023\/04\/7-1-1.png 1080w\" sizes=\"(max-width: 800px) 100vw, 800px\" \/>\t\t\t\t\t\t\t\t\t\t\t\t\t\t\t<\/div>\n\t\t\t\t<\/div>\n\t\t\t\t\t<\/div>\n\t\t<\/div>\n\t\t\t\t<div class=\"has_eae_slider elementor-column elementor-col-50 elementor-inner-column elementor-element elementor-element-742a5b6\" data-eae-slider=\"53034\" data-id=\"742a5b6\" data-element_type=\"column\" data-e-type=\"column\">\n\t\t\t<div class=\"elementor-widget-wrap elementor-element-populated\">\n\t\t\t\t\t\t<div class=\"elementor-element elementor-element-05e39fa elementor-widget elementor-widget-spacer\" data-id=\"05e39fa\" data-element_type=\"widget\" data-e-type=\"widget\" data-widget_type=\"spacer.default\">\n\t\t\t\t<div class=\"elementor-widget-container\">\n\t\t\t\t\t\t\t<div class=\"elementor-spacer\">\n\t\t\t<div class=\"elementor-spacer-inner\"><\/div>\n\t\t<\/div>\n\t\t\t\t\t\t<\/div>\n\t\t\t\t<\/div>\n\t\t\t\t<div data-dce-text-color=\"#000000\" class=\"elementor-element elementor-element-8250a57 elementor-widget elementor-widget-text-editor\" data-id=\"8250a57\" data-element_type=\"widget\" data-e-type=\"widget\" data-widget_type=\"text-editor.default\">\n\t\t\t\t<div class=\"elementor-widget-container\">\n\t\t\t\t\t\t\t\t\t<p>Cada mes de abril celebramos el Mes Nacional del Agradecimiento a los Voluntarios.<br \/>\nEn Be Strong International, nos gustar\u00eda dar las gracias de todo coraz\u00f3n a nuestros incre\u00edbles voluntarios que hacen posible nuestra misi\u00f3n.<br \/>\nSin su dedicaci\u00f3n, su tiempo, sus habilidades y su pasi\u00f3n, no podr\u00edamos haber transformado comunidades, ni haber llevado a familias y j\u00f3venes del quebrantamiento a la plenitud.  <\/p>\n<p>Al reconocer las contribuciones de nuestros voluntarios, esperamos inspirar a otros para que se unan a nosotros y marquen la diferencia en las vidas de nuestras comunidades del sur de Florida y m\u00e1s all\u00e1.<br \/>\nCreemos sinceramente que juntos podemos crear un futuro mejor para todos.<br \/>\n\u00bfQuieres devolver algo a tu comunidad?<br \/>\n\u00a1Hazte voluntario con nosotros!<br \/>\nHaz clic en el bot\u00f3n de abajo.    <\/p>\n<p>Puedes ayudar a las familias en crisis convirti\u00e9ndote en VOLUNTARIO de Be Strong Int.<\/p>\n<p>Si dispones de una hora m\u00e1s o menos una vez al mes, eso es todo lo que hace falta para marcar una peque\u00f1a diferencia en la vida de las personas de la comunidad que buscan nuestro apoyo y nuestros servicios. BSI Se necesitan voluntarios para:<\/p>\n<ul>\n<li>Ayudar durante los actos comunitarios (por ejemplo, repartiendo cajas de alimentos)<\/li>\n<li>Prepara paquetes asistenciales<\/li>\n<li>Inscribir candidatos para la sesi\u00f3n<\/li>\n<li>Ayuda en otras \u00e1reas&#8230;<\/li>\n<\/ul>\n\t\t\t\t\t\t\t\t<\/div>\n\t\t\t\t<\/div>\n\t\t\t\t\t<\/div>\n\t\t<\/div>\n\t\t\t\t\t<\/div>\n\t\t<\/section>\n\t\t\t\t<div class=\"elementor-element elementor-element-84f4c46 elementor-widget elementor-widget-gallery\" data-id=\"84f4c46\" data-element_type=\"widget\" data-e-type=\"widget\" data-settings=\"{&quot;lazyload&quot;:&quot;yes&quot;,&quot;gallery_layout&quot;:&quot;grid&quot;,&quot;columns&quot;:4,&quot;columns_tablet&quot;:2,&quot;columns_mobile&quot;:1,&quot;gap&quot;:{&quot;unit&quot;:&quot;px&quot;,&quot;size&quot;:10,&quot;sizes&quot;:[]},&quot;gap_tablet&quot;:{&quot;unit&quot;:&quot;px&quot;,&quot;size&quot;:10,&quot;sizes&quot;:[]},&quot;gap_mobile&quot;:{&quot;unit&quot;:&quot;px&quot;,&quot;size&quot;:10,&quot;sizes&quot;:[]},&quot;link_to&quot;:&quot;file&quot;,&quot;aspect_ratio&quot;:&quot;3:2&quot;,&quot;overlay_background&quot;:&quot;yes&quot;,&quot;content_hover_animation&quot;:&quot;fade-in&quot;}\" data-widget_type=\"gallery.default\">\n\t\t\t\t<div class=\"elementor-widget-container\">\n\t\t\t\t\t\t\t<div class=\"elementor-gallery__container\">\n\t\t\t\t\t\t\t<a class=\"e-gallery-item elementor-gallery-item elementor-animated-content\" href=\"https:\/\/www.bestrongintl.org\/wp-content\/uploads\/2023\/04\/25-1.png\" data-elementor-open-lightbox=\"yes\" data-elementor-lightbox-slideshow=\"84f4c46\" data-elementor-lightbox-title=\"25\" data-e-action-hash=\"#elementor-action%3Aaction%3Dlightbox%26settings%3DeyJpZCI6MzAwMDQ2LCJ1cmwiOiJodHRwczpcL1wvd3d3LmJlc3Ryb25naW50bC5vcmdcL3dwLWNvbnRlbnRcL3VwbG9hZHNcLzIwMjNcLzA0XC8yNS0xLnBuZyIsInNsaWRlc2hvdyI6Ijg0ZjRjNDYifQ%3D%3D\">\n\t\t\t\t\t<div class=\"e-gallery-image elementor-gallery-item__image\" data-thumbnail=\"https:\/\/www.bestrongintl.org\/wp-content\/uploads\/2023\/04\/25-1-300x300.png\" data-width=\"300\" data-height=\"300\" aria-label=\"\" role=\"img\" ><\/div>\n\t\t\t\t\t\t\t\t\t\t\t<div class=\"elementor-gallery-item__overlay\"><\/div>\n\t\t\t\t\t\t\t\t\t\t\t\t\t\t<\/a>\n\t\t\t\t\t\t\t<a class=\"e-gallery-item elementor-gallery-item elementor-animated-content\" href=\"https:\/\/www.bestrongintl.org\/wp-content\/uploads\/2023\/04\/26-1.png\" data-elementor-open-lightbox=\"yes\" data-elementor-lightbox-slideshow=\"84f4c46\" data-elementor-lightbox-title=\"26\" data-e-action-hash=\"#elementor-action%3Aaction%3Dlightbox%26settings%3DeyJpZCI6MzAwMDQ4LCJ1cmwiOiJodHRwczpcL1wvd3d3LmJlc3Ryb25naW50bC5vcmdcL3dwLWNvbnRlbnRcL3VwbG9hZHNcLzIwMjNcLzA0XC8yNi0xLnBuZyIsInNsaWRlc2hvdyI6Ijg0ZjRjNDYifQ%3D%3D\">\n\t\t\t\t\t<div class=\"e-gallery-image elementor-gallery-item__image\" data-thumbnail=\"https:\/\/www.bestrongintl.org\/wp-content\/uploads\/2023\/04\/26-1-300x300.png\" data-width=\"300\" data-height=\"300\" aria-label=\"\" role=\"img\" ><\/div>\n\t\t\t\t\t\t\t\t\t\t\t<div class=\"elementor-gallery-item__overlay\"><\/div>\n\t\t\t\t\t\t\t\t\t\t\t\t\t\t<\/a>\n\t\t\t\t\t\t\t<a class=\"e-gallery-item elementor-gallery-item elementor-animated-content\" href=\"https:\/\/www.bestrongintl.org\/wp-content\/uploads\/2023\/04\/24-1.png\" data-elementor-open-lightbox=\"yes\" data-elementor-lightbox-slideshow=\"84f4c46\" data-elementor-lightbox-title=\"24\" data-e-action-hash=\"#elementor-action%3Aaction%3Dlightbox%26settings%3DeyJpZCI6MzAwMDUwLCJ1cmwiOiJodHRwczpcL1wvd3d3LmJlc3Ryb25naW50bC5vcmdcL3dwLWNvbnRlbnRcL3VwbG9hZHNcLzIwMjNcLzA0XC8yNC0xLnBuZyIsInNsaWRlc2hvdyI6Ijg0ZjRjNDYifQ%3D%3D\">\n\t\t\t\t\t<div class=\"e-gallery-image elementor-gallery-item__image\" data-thumbnail=\"https:\/\/www.bestrongintl.org\/wp-content\/uploads\/2023\/04\/24-1-300x300.png\" data-width=\"300\" data-height=\"300\" aria-label=\"\" role=\"img\" ><\/div>\n\t\t\t\t\t\t\t\t\t\t\t<div class=\"elementor-gallery-item__overlay\"><\/div>\n\t\t\t\t\t\t\t\t\t\t\t\t\t\t<\/a>\n\t\t\t\t\t\t\t<a class=\"e-gallery-item elementor-gallery-item elementor-animated-content\" href=\"https:\/\/www.bestrongintl.org\/wp-content\/uploads\/2023\/04\/23-1.png\" data-elementor-open-lightbox=\"yes\" data-elementor-lightbox-slideshow=\"84f4c46\" data-elementor-lightbox-title=\"23\" data-e-action-hash=\"#elementor-action%3Aaction%3Dlightbox%26settings%3DeyJpZCI6MzAwMDUyLCJ1cmwiOiJodHRwczpcL1wvd3d3LmJlc3Ryb25naW50bC5vcmdcL3dwLWNvbnRlbnRcL3VwbG9hZHNcLzIwMjNcLzA0XC8yMy0xLnBuZyIsInNsaWRlc2hvdyI6Ijg0ZjRjNDYifQ%3D%3D\">\n\t\t\t\t\t<div class=\"e-gallery-image elementor-gallery-item__image\" data-thumbnail=\"https:\/\/www.bestrongintl.org\/wp-content\/uploads\/2023\/04\/23-1-300x300.png\" data-width=\"300\" data-height=\"300\" aria-label=\"\" role=\"img\" ><\/div>\n\t\t\t\t\t\t\t\t\t\t\t<div class=\"elementor-gallery-item__overlay\"><\/div>\n\t\t\t\t\t\t\t\t\t\t\t\t\t\t<\/a>\n\t\t\t\t\t\t\t<a class=\"e-gallery-item elementor-gallery-item elementor-animated-content\" href=\"https:\/\/www.bestrongintl.org\/wp-content\/uploads\/2023\/04\/22-2.png\" data-elementor-open-lightbox=\"yes\" data-elementor-lightbox-slideshow=\"84f4c46\" data-elementor-lightbox-title=\"22\" data-e-action-hash=\"#elementor-action%3Aaction%3Dlightbox%26settings%3DeyJpZCI6MzAwMDU2LCJ1cmwiOiJodHRwczpcL1wvd3d3LmJlc3Ryb25naW50bC5vcmdcL3dwLWNvbnRlbnRcL3VwbG9hZHNcLzIwMjNcLzA0XC8yMi0yLnBuZyIsInNsaWRlc2hvdyI6Ijg0ZjRjNDYifQ%3D%3D\">\n\t\t\t\t\t<div class=\"e-gallery-image elementor-gallery-item__image\" data-thumbnail=\"https:\/\/www.bestrongintl.org\/wp-content\/uploads\/2023\/04\/22-2-300x300.png\" data-width=\"300\" data-height=\"300\" aria-label=\"\" role=\"img\" ><\/div>\n\t\t\t\t\t\t\t\t\t\t\t<div class=\"elementor-gallery-item__overlay\"><\/div>\n\t\t\t\t\t\t\t\t\t\t\t\t\t\t<\/a>\n\t\t\t\t\t\t\t<a class=\"e-gallery-item elementor-gallery-item elementor-animated-content\" href=\"https:\/\/www.bestrongintl.org\/wp-content\/uploads\/2023\/04\/17-2.png\" data-elementor-open-lightbox=\"yes\" data-elementor-lightbox-slideshow=\"84f4c46\" data-elementor-lightbox-title=\"17\" data-e-action-hash=\"#elementor-action%3Aaction%3Dlightbox%26settings%3DeyJpZCI6MzAwMDYwLCJ1cmwiOiJodHRwczpcL1wvd3d3LmJlc3Ryb25naW50bC5vcmdcL3dwLWNvbnRlbnRcL3VwbG9hZHNcLzIwMjNcLzA0XC8xNy0yLnBuZyIsInNsaWRlc2hvdyI6Ijg0ZjRjNDYifQ%3D%3D\">\n\t\t\t\t\t<div class=\"e-gallery-image elementor-gallery-item__image\" data-thumbnail=\"https:\/\/www.bestrongintl.org\/wp-content\/uploads\/2023\/04\/17-2-300x300.png\" data-width=\"300\" data-height=\"300\" aria-label=\"\" role=\"img\" ><\/div>\n\t\t\t\t\t\t\t\t\t\t\t<div class=\"elementor-gallery-item__overlay\"><\/div>\n\t\t\t\t\t\t\t\t\t\t\t\t\t\t<\/a>\n\t\t\t\t\t\t\t<a class=\"e-gallery-item elementor-gallery-item elementor-animated-content\" href=\"https:\/\/www.bestrongintl.org\/wp-content\/uploads\/2023\/04\/16-2.png\" data-elementor-open-lightbox=\"yes\" data-elementor-lightbox-slideshow=\"84f4c46\" data-elementor-lightbox-title=\"16\" data-e-action-hash=\"#elementor-action%3Aaction%3Dlightbox%26settings%3DeyJpZCI6MzAwMDYyLCJ1cmwiOiJodHRwczpcL1wvd3d3LmJlc3Ryb25naW50bC5vcmdcL3dwLWNvbnRlbnRcL3VwbG9hZHNcLzIwMjNcLzA0XC8xNi0yLnBuZyIsInNsaWRlc2hvdyI6Ijg0ZjRjNDYifQ%3D%3D\">\n\t\t\t\t\t<div class=\"e-gallery-image elementor-gallery-item__image\" data-thumbnail=\"https:\/\/www.bestrongintl.org\/wp-content\/uploads\/2023\/04\/16-2-300x300.png\" data-width=\"300\" data-height=\"300\" aria-label=\"\" role=\"img\" ><\/div>\n\t\t\t\t\t\t\t\t\t\t\t<div class=\"elementor-gallery-item__overlay\"><\/div>\n\t\t\t\t\t\t\t\t\t\t\t\t\t\t<\/a>\n\t\t\t\t\t\t\t<a class=\"e-gallery-item elementor-gallery-item elementor-animated-content\" href=\"https:\/\/www.bestrongintl.org\/wp-content\/uploads\/2023\/04\/18-2.png\" data-elementor-open-lightbox=\"yes\" data-elementor-lightbox-slideshow=\"84f4c46\" data-elementor-lightbox-title=\"18\" data-e-action-hash=\"#elementor-action%3Aaction%3Dlightbox%26settings%3DeyJpZCI6MzAwMDY2LCJ1cmwiOiJodHRwczpcL1wvd3d3LmJlc3Ryb25naW50bC5vcmdcL3dwLWNvbnRlbnRcL3VwbG9hZHNcLzIwMjNcLzA0XC8xOC0yLnBuZyIsInNsaWRlc2hvdyI6Ijg0ZjRjNDYifQ%3D%3D\">\n\t\t\t\t\t<div class=\"e-gallery-image elementor-gallery-item__image\" data-thumbnail=\"https:\/\/www.bestrongintl.org\/wp-content\/uploads\/2023\/04\/18-2-300x300.png\" data-width=\"300\" data-height=\"300\" aria-label=\"\" role=\"img\" ><\/div>\n\t\t\t\t\t\t\t\t\t\t\t<div class=\"elementor-gallery-item__overlay\"><\/div>\n\t\t\t\t\t\t\t\t\t\t\t\t\t\t<\/a>\n\t\t\t\t\t\t\t<a class=\"e-gallery-item elementor-gallery-item elementor-animated-content\" href=\"https:\/\/www.bestrongintl.org\/wp-content\/uploads\/2023\/04\/8-5.png\" data-elementor-open-lightbox=\"yes\" data-elementor-lightbox-slideshow=\"84f4c46\" data-elementor-lightbox-title=\"8\" data-e-action-hash=\"#elementor-action%3Aaction%3Dlightbox%26settings%3DeyJpZCI6MzAwMDM4LCJ1cmwiOiJodHRwczpcL1wvd3d3LmJlc3Ryb25naW50bC5vcmdcL3dwLWNvbnRlbnRcL3VwbG9hZHNcLzIwMjNcLzA0XC84LTUucG5nIiwic2xpZGVzaG93IjoiODRmNGM0NiJ9\">\n\t\t\t\t\t<div class=\"e-gallery-image elementor-gallery-item__image\" data-thumbnail=\"https:\/\/www.bestrongintl.org\/wp-content\/uploads\/2023\/04\/8-5-300x300.png\" data-width=\"300\" data-height=\"300\" aria-label=\"\" role=\"img\" ><\/div>\n\t\t\t\t\t\t\t\t\t\t\t<div class=\"elementor-gallery-item__overlay\"><\/div>\n\t\t\t\t\t\t\t\t\t\t\t\t\t\t<\/a>\n\t\t\t\t\t\t\t<a class=\"e-gallery-item elementor-gallery-item elementor-animated-content\" href=\"https:\/\/www.bestrongintl.org\/wp-content\/uploads\/2023\/04\/5-5.png\" data-elementor-open-lightbox=\"yes\" data-elementor-lightbox-slideshow=\"84f4c46\" data-elementor-lightbox-title=\"5\" data-e-action-hash=\"#elementor-action%3Aaction%3Dlightbox%26settings%3DeyJpZCI6MzAwMDQwLCJ1cmwiOiJodHRwczpcL1wvd3d3LmJlc3Ryb25naW50bC5vcmdcL3dwLWNvbnRlbnRcL3VwbG9hZHNcLzIwMjNcLzA0XC81LTUucG5nIiwic2xpZGVzaG93IjoiODRmNGM0NiJ9\">\n\t\t\t\t\t<div class=\"e-gallery-image elementor-gallery-item__image\" data-thumbnail=\"https:\/\/www.bestrongintl.org\/wp-content\/uploads\/2023\/04\/5-5-300x300.png\" data-width=\"300\" data-height=\"300\" aria-label=\"\" role=\"img\" ><\/div>\n\t\t\t\t\t\t\t\t\t\t\t<div class=\"elementor-gallery-item__overlay\"><\/div>\n\t\t\t\t\t\t\t\t\t\t\t\t\t\t<\/a>\n\t\t\t\t\t\t\t<a class=\"e-gallery-item elementor-gallery-item elementor-animated-content\" href=\"https:\/\/www.bestrongintl.org\/wp-content\/uploads\/2023\/04\/3-5.png\" data-elementor-open-lightbox=\"yes\" data-elementor-lightbox-slideshow=\"84f4c46\" data-elementor-lightbox-title=\"3\" data-e-action-hash=\"#elementor-action%3Aaction%3Dlightbox%26settings%3DeyJpZCI6MzAwMDM0LCJ1cmwiOiJodHRwczpcL1wvd3d3LmJlc3Ryb25naW50bC5vcmdcL3dwLWNvbnRlbnRcL3VwbG9hZHNcLzIwMjNcLzA0XC8zLTUucG5nIiwic2xpZGVzaG93IjoiODRmNGM0NiJ9\">\n\t\t\t\t\t<div class=\"e-gallery-image elementor-gallery-item__image\" data-thumbnail=\"https:\/\/www.bestrongintl.org\/wp-content\/uploads\/2023\/04\/3-5-300x300.png\" data-width=\"300\" data-height=\"300\" aria-label=\"\" role=\"img\" ><\/div>\n\t\t\t\t\t\t\t\t\t\t\t<div class=\"elementor-gallery-item__overlay\"><\/div>\n\t\t\t\t\t\t\t\t\t\t\t\t\t\t<\/a>\n\t\t\t\t\t\t\t<a class=\"e-gallery-item elementor-gallery-item elementor-animated-content\" href=\"https:\/\/www.bestrongintl.org\/wp-content\/uploads\/2023\/04\/6-5.png\" data-elementor-open-lightbox=\"yes\" data-elementor-lightbox-slideshow=\"84f4c46\" data-elementor-lightbox-title=\"6\" data-e-action-hash=\"#elementor-action%3Aaction%3Dlightbox%26settings%3DeyJpZCI6MzAwMDMwLCJ1cmwiOiJodHRwczpcL1wvd3d3LmJlc3Ryb25naW50bC5vcmdcL3dwLWNvbnRlbnRcL3VwbG9hZHNcLzIwMjNcLzA0XC82LTUucG5nIiwic2xpZGVzaG93IjoiODRmNGM0NiJ9\">\n\t\t\t\t\t<div class=\"e-gallery-image elementor-gallery-item__image\" data-thumbnail=\"https:\/\/www.bestrongintl.org\/wp-content\/uploads\/2023\/04\/6-5-300x300.png\" data-width=\"300\" data-height=\"300\" aria-label=\"\" role=\"img\" ><\/div>\n\t\t\t\t\t\t\t\t\t\t\t<div class=\"elementor-gallery-item__overlay\"><\/div>\n\t\t\t\t\t\t\t\t\t\t\t\t\t\t<\/a>\n\t\t\t\t\t<\/div>\n\t\t\t\t\t<\/div>\n\t\t\t\t<\/div>\n\t\t\t\t\t<\/div>\n\t\t<\/div>\n\t\t\t\t\t<\/div>\n\t\t<\/section>\n\t\t\t\t<section class=\"has_eae_slider elementor-section elementor-top-section elementor-element elementor-element-1b3af61 elementor-section-boxed elementor-section-height-default elementor-section-height-default\" data-eae-slider=\"148\" data-id=\"1b3af61\" data-element_type=\"section\" data-e-type=\"section\">\n\t\t\t\t\t\t<div class=\"elementor-container elementor-column-gap-default\">\n\t\t\t\t\t\t<\/div>\n\t\t<\/section>\n\t\t\t\t<section class=\"has_eae_slider elementor-section elementor-top-section elementor-element elementor-element-fa99734 elementor-section-boxed elementor-section-height-default elementor-section-height-default\" data-eae-slider=\"80447\" data-id=\"fa99734\" data-element_type=\"section\" data-e-type=\"section\">\n\t\t\t\t\t\t<div class=\"elementor-container elementor-column-gap-default\">\n\t\t\t\t\t\t<\/div>\n\t\t<\/section>\n\t\t\t\t<section class=\"has_eae_slider elementor-section elementor-top-section elementor-element elementor-element-745c5c8 elementor-section-boxed elementor-section-height-default elementor-section-height-default\" data-eae-slider=\"52686\" data-id=\"745c5c8\" data-element_type=\"section\" data-e-type=\"section\">\n\t\t\t\t\t\t<div class=\"elementor-container elementor-column-gap-default\">\n\t\t\t\t\t\t<\/div>\n\t\t<\/section>\n\t\t\t\t<\/div>\n\t\t","protected":false},"excerpt":{"rendered":"<p>\u00a1HAZTE VOLUNTARIO CON NOSOTROS! INSCRIBIRSE Cada mes de abril celebramos el Mes Nacional del Agradecimiento a los Voluntarios. En Be Strong International, nos gustar\u00eda dar las gracias de todo coraz\u00f3n a nuestros incre\u00edbles voluntarios que hacen posible nuestra misi\u00f3n. Sin su dedicaci\u00f3n, su tiempo, sus habilidades y su pasi\u00f3n, no podr\u00edamos haber transformado comunidades, ni [&hellip;]<\/p>\n","protected":false},"author":16,"featured_media":0,"parent":0,"menu_order":0,"comment_status":"closed","ping_status":"closed","template":"elementor_header_footer","meta":{"_acf_changed":false,"_monsterinsights_skip_tracking":false,"_monsterinsights_sitenote_active":false,"_monsterinsights_sitenote_note":"","_monsterinsights_sitenote_category":0,"footnotes":""},"class_list":["post-308955","page","type-page","status-publish","hentry"],"acf":[],"aioseo_notices":[],"_links":{"self":[{"href":"https:\/\/www.bestrongintl.org\/es\/wp-json\/wp\/v2\/pages\/308955","targetHints":{"allow":["GET"]}}],"collection":[{"href":"https:\/\/www.bestrongintl.org\/es\/wp-json\/wp\/v2\/pages"}],"about":[{"href":"https:\/\/www.bestrongintl.org\/es\/wp-json\/wp\/v2\/types\/page"}],"author":[{"embeddable":true,"href":"https:\/\/www.bestrongintl.org\/es\/wp-json\/wp\/v2\/users\/16"}],"replies":[{"embeddable":true,"href":"https:\/\/www.bestrongintl.org\/es\/wp-json\/wp\/v2\/comments?post=308955"}],"version-history":[{"count":1,"href":"https:\/\/www.bestrongintl.org\/es\/wp-json\/wp\/v2\/pages\/308955\/revisions"}],"predecessor-version":[{"id":308956,"href":"https:\/\/www.bestrongintl.org\/es\/wp-json\/wp\/v2\/pages\/308955\/revisions\/308956"}],"wp:attachment":[{"href":"https:\/\/www.bestrongintl.org\/es\/wp-json\/wp\/v2\/media?parent=308955"}],"curies":[{"name":"wp","href":"https:\/\/api.w.org\/{rel}","templated":true}]}}