{"id":308958,"date":"2024-08-15T07:07:09","date_gmt":"2024-08-15T07:07:09","guid":{"rendered":"https:\/\/www.bestrongintl.org\/universidad-bsi\/"},"modified":"2025-09-19T16:54:37","modified_gmt":"2025-09-19T16:54:37","slug":"universidad-bsi","status":"publish","type":"page","link":"https:\/\/www.bestrongintl.org\/es\/universidad-bsi\/","title":{"rendered":"Universidad BSI"},"content":{"rendered":"\t\t<div data-elementor-type=\"wp-page\" data-elementor-id=\"308958\" class=\"elementor elementor-308958 elementor-304495\" data-elementor-post-type=\"page\">\n\t\t\t\t<div class=\"has_eae_slider elementor-element elementor-element-e584095 e-flex e-con-boxed e-con e-parent\" data-eae-slider=\"88316\" data-dce-background-image-url=\"https:\/\/www.bestrongintl.org\/wp-content\/uploads\/2024\/08\/Top-Banner-Picture-Landing-Page-1920-x-470-px-2.png\" data-id=\"e584095\" data-element_type=\"container\" data-e-type=\"container\" data-settings=\"{&quot;background_background&quot;:&quot;classic&quot;}\">\n\t\t\t\t\t<div class=\"e-con-inner\">\n\t\t\t\t\t<\/div>\n\t\t\t\t<\/div>\n\t\t<div class=\"has_eae_slider elementor-element elementor-element-6027aa2 e-flex e-con-boxed e-con e-parent\" data-eae-slider=\"20388\" data-id=\"6027aa2\" data-element_type=\"container\" data-e-type=\"container\">\n\t\t\t\t\t<div class=\"e-con-inner\">\n\t\t<div class=\"has_eae_slider elementor-element elementor-element-92d3a9e e-con-full e-flex e-con e-child\" data-eae-slider=\"13562\" data-id=\"92d3a9e\" data-element_type=\"container\" data-e-type=\"container\">\n\t\t\t\t<div data-dce-title-color=\"#182F43\" class=\"elementor-element elementor-element-efbeca3 elementor-widget elementor-widget-heading\" data-id=\"efbeca3\" data-element_type=\"widget\" data-e-type=\"widget\" data-widget_type=\"heading.default\">\n\t\t\t\t<div class=\"elementor-widget-container\">\n\t\t\t\t\t<h2 class=\"elementor-heading-title elementor-size-default\">Be Strong International<\/h2>\t\t\t\t<\/div>\n\t\t\t\t<\/div>\n\t\t\t\t<div data-dce-text-color=\"#182F43\" class=\"elementor-element elementor-element-148646d elementor-widget elementor-widget-text-editor\" data-id=\"148646d\" data-element_type=\"widget\" data-e-type=\"widget\" data-widget_type=\"text-editor.default\">\n\t\t\t\t<div class=\"elementor-widget-container\">\n\t\t\t\t\t\t\t\t\t<p>Es una galardonada organizaci\u00f3n sin fines de lucro que proporciona servicios y recursos educativos hol\u00edsticos a ni\u00f1os, familias y equipos profesionales de los condados de Broward y Miami-Dade a trav\u00e9s de nuestro marco Heart Skills\u00ae. Nuestro objetivo es elevar tanto a los individuos como a las comunidades, ayud\u00e1ndoles a superar barreras y lograr avances significativos en sus relaciones. <\/p>\t\t\t\t\t\t\t\t<\/div>\n\t\t\t\t<\/div>\n\t\t\t\t<\/div>\n\t\t<div class=\"has_eae_slider elementor-element elementor-element-b9c90e8 e-con-full e-flex e-con e-child\" data-eae-slider=\"1220\" data-id=\"b9c90e8\" data-element_type=\"container\" data-e-type=\"container\">\n\t\t\t\t<div class=\"elementor-element elementor-element-ebf16c8 dce_masking-none elementor-widget elementor-widget-image\" data-id=\"ebf16c8\" data-element_type=\"widget\" data-e-type=\"widget\" data-widget_type=\"image.default\">\n\t\t\t\t<div class=\"elementor-widget-container\">\n\t\t\t\t\t\t\t\t\t\t\t\t\t\t\t<img fetchpriority=\"high\" decoding=\"async\" width=\"594\" height=\"335\" src=\"https:\/\/www.bestrongintl.org\/wp-content\/uploads\/2024\/08\/image-195.png\" class=\"attachment-large size-large wp-image-304519\" alt=\"\" srcset=\"https:\/\/www.bestrongintl.org\/wp-content\/uploads\/2024\/08\/image-195.png 594w, https:\/\/www.bestrongintl.org\/wp-content\/uploads\/2024\/08\/image-195-300x169.png 300w\" sizes=\"(max-width: 594px) 100vw, 594px\" \/>\t\t\t\t\t\t\t\t\t\t\t\t\t\t\t<\/div>\n\t\t\t\t<\/div>\n\t\t\t\t<\/div>\n\t\t\t\t\t<\/div>\n\t\t\t\t<\/div>\n\t\t<div class=\"has_eae_slider elementor-element elementor-element-122c13f e-flex e-con-boxed e-con e-parent\" data-eae-slider=\"12417\" data-id=\"122c13f\" data-element_type=\"container\" data-e-type=\"container\">\n\t\t\t\t\t<div class=\"e-con-inner\">\n\t\t<div class=\"has_eae_slider elementor-element elementor-element-9a1bd28 e-con-full e-flex e-con e-child\" data-eae-slider=\"15303\" data-id=\"9a1bd28\" data-element_type=\"container\" data-e-type=\"container\">\n\t\t\t\t<div class=\"elementor-element elementor-element-b5d40e7 dce_masking-none elementor-widget elementor-widget-image\" data-id=\"b5d40e7\" data-element_type=\"widget\" data-e-type=\"widget\" data-widget_type=\"image.default\">\n\t\t\t\t<div class=\"elementor-widget-container\">\n\t\t\t\t\t\t\t\t\t\t\t\t\t\t\t<img decoding=\"async\" width=\"594\" height=\"335\" src=\"https:\/\/www.bestrongintl.org\/wp-content\/uploads\/2024\/08\/image-196.png\" class=\"attachment-large size-large wp-image-304517\" alt=\"\" srcset=\"https:\/\/www.bestrongintl.org\/wp-content\/uploads\/2024\/08\/image-196.png 594w, https:\/\/www.bestrongintl.org\/wp-content\/uploads\/2024\/08\/image-196-300x169.png 300w\" sizes=\"(max-width: 594px) 100vw, 594px\" \/>\t\t\t\t\t\t\t\t\t\t\t\t\t\t\t<\/div>\n\t\t\t\t<\/div>\n\t\t\t\t<\/div>\n\t\t<div class=\"has_eae_slider elementor-element elementor-element-4c9302c e-con-full e-flex e-con e-child\" data-eae-slider=\"81217\" data-id=\"4c9302c\" data-element_type=\"container\" data-e-type=\"container\">\n\t\t\t\t<div data-dce-title-color=\"#182F43\" class=\"elementor-element elementor-element-0d9691e elementor-widget elementor-widget-heading\" data-id=\"0d9691e\" data-element_type=\"widget\" data-e-type=\"widget\" data-widget_type=\"heading.default\">\n\t\t\t\t<div class=\"elementor-widget-container\">\n\t\t\t\t\t<h2 class=\"elementor-heading-title elementor-size-default\">Siguiendo nuestra misi\u00f3n<\/h2>\t\t\t\t<\/div>\n\t\t\t\t<\/div>\n\t\t\t\t<div data-dce-text-color=\"#182F43\" class=\"elementor-element elementor-element-fb26ccb elementor-widget elementor-widget-text-editor\" data-id=\"fb26ccb\" data-element_type=\"widget\" data-e-type=\"widget\" data-widget_type=\"text-editor.default\">\n\t\t\t\t<div class=\"elementor-widget-container\">\n\t\t\t\t\t\t\t\t\t<p>Be Strong International ha creado la Universidad BSI, una plataforma online que consiste en un conjunto de v\u00eddeos guiados sobre diversos temas, dise\u00f1ados para ayudar a desarrollar y mantener relaciones sanas, adem\u00e1s de promover las Heart Skills\u00ae.<\/p><p><strong>La Universidad BSI busca apoyar a los padres que desean que sus hijos aprendan sobre relaciones o c\u00f3mo fomentar una mejor relaci\u00f3n con ellos. Tambi\u00e9n est\u00e1 dise\u00f1ada para ayudar a escuelas y docentes, ofreci\u00e9ndoles herramientas pr\u00e1cticas para sus alumnos. <\/strong><\/p>\t\t\t\t\t\t\t\t<\/div>\n\t\t\t\t<\/div>\n\t\t\t\t<\/div>\n\t\t\t\t\t<\/div>\n\t\t\t\t<\/div>\n\t\t<div class=\"has_eae_slider elementor-element elementor-element-ebcc164 e-flex e-con-boxed e-con e-parent\" data-eae-slider=\"32829\" data-id=\"ebcc164\" data-element_type=\"container\" data-e-type=\"container\">\n\t\t\t\t\t<div class=\"e-con-inner\">\n\t\t<div class=\"has_eae_slider elementor-element elementor-element-9a5a991 e-con-full e-flex e-con e-child\" data-eae-slider=\"46568\" data-id=\"9a5a991\" data-element_type=\"container\" data-e-type=\"container\">\n\t\t\t\t<div data-dce-title-color=\"#182F43\" class=\"elementor-element elementor-element-b00a658 elementor-widget elementor-widget-heading\" data-id=\"b00a658\" data-element_type=\"widget\" data-e-type=\"widget\" data-widget_type=\"heading.default\">\n\t\t\t\t<div class=\"elementor-widget-container\">\n\t\t\t\t\t<h2 class=\"elementor-heading-title elementor-size-default\">Estos v\u00eddeos tratan temas como:<\/h2>\t\t\t\t<\/div>\n\t\t\t\t<\/div>\n\t\t\t\t<div data-dce-text-color=\"#182F43\" class=\"elementor-element elementor-element-f6ed1db elementor-widget elementor-widget-text-editor\" data-id=\"f6ed1db\" data-element_type=\"widget\" data-e-type=\"widget\" data-widget_type=\"text-editor.default\">\n\t\t\t\t<div class=\"elementor-widget-container\">\n\t\t\t\t\t\t\t\t\t<ul><li>Disciplina y control del comportamiento<\/li><li>C\u00f3mo mantener la calma<\/li><li>Navegar por las redes sociales y la tecnolog\u00eda para padres<\/li><li>C\u00f3mo identificar las se\u00f1ales de alarma<\/li><li>C\u00f3mo llevar a cabo una conversaci\u00f3n dif\u00edcil<\/li><li><strong>\u00a1Y muchos m\u00e1s!<\/strong><\/li><\/ul>\t\t\t\t\t\t\t\t<\/div>\n\t\t\t\t<\/div>\n\t\t\t\t<\/div>\n\t\t<div class=\"has_eae_slider elementor-element elementor-element-a67143c e-con-full e-flex e-con e-child\" data-eae-slider=\"51731\" data-id=\"a67143c\" data-element_type=\"container\" data-e-type=\"container\">\n\t\t\t\t<div class=\"elementor-element elementor-element-d65c350 dce_masking-none elementor-widget elementor-widget-image\" data-id=\"d65c350\" data-element_type=\"widget\" data-e-type=\"widget\" data-widget_type=\"image.default\">\n\t\t\t\t<div class=\"elementor-widget-container\">\n\t\t\t\t\t\t\t\t\t\t\t\t\t\t\t<img decoding=\"async\" width=\"800\" height=\"418\" src=\"https:\/\/www.bestrongintl.org\/wp-content\/uploads\/2024\/08\/Frame-1000002599-1024x535.png\" class=\"attachment-large size-large wp-image-304635\" alt=\"\" srcset=\"https:\/\/www.bestrongintl.org\/wp-content\/uploads\/2024\/08\/Frame-1000002599-1024x535.png 1024w, https:\/\/www.bestrongintl.org\/wp-content\/uploads\/2024\/08\/Frame-1000002599-600x313.png 600w, https:\/\/www.bestrongintl.org\/wp-content\/uploads\/2024\/08\/Frame-1000002599-300x157.png 300w, https:\/\/www.bestrongintl.org\/wp-content\/uploads\/2024\/08\/Frame-1000002599-768x401.png 768w, https:\/\/www.bestrongintl.org\/wp-content\/uploads\/2024\/08\/Frame-1000002599.png 1084w\" sizes=\"(max-width: 800px) 100vw, 800px\" \/>\t\t\t\t\t\t\t\t\t\t\t\t\t\t\t<\/div>\n\t\t\t\t<\/div>\n\t\t\t\t<\/div>\n\t\t\t\t\t<\/div>\n\t\t\t\t<\/div>\n\t\t<div class=\"has_eae_slider elementor-element elementor-element-567a649 e-flex e-con-boxed e-con e-parent\" data-eae-slider=\"4281\" data-id=\"567a649\" data-element_type=\"container\" data-e-type=\"container\">\n\t\t\t\t\t<div class=\"e-con-inner\">\n\t\t\t\t<div data-dce-title-color=\"#182F43\" class=\"elementor-element elementor-element-b35f4a3 elementor-widget elementor-widget-heading\" data-id=\"b35f4a3\" data-element_type=\"widget\" data-e-type=\"widget\" data-widget_type=\"heading.default\">\n\t\t\t\t<div class=\"elementor-widget-container\">\n\t\t\t\t\t<h2 class=\"elementor-heading-title elementor-size-default\"><br>Si est\u00e1s interesado en conocer m\u00e1s sobre la Universidad BSI,<br>rellena el siguiente formulario y uno de los miembros de nuestro equipo se pondr\u00e1 en contacto contigo en breve.<\/h2>\t\t\t\t<\/div>\n\t\t\t\t<\/div>\n\t\t\t\t<div class=\"elementor-element elementor-element-387f3fb elementor-widget__width-auto elementor-mobile-align-justify elementor-widget-mobile__width-inherit elementor-align-center elementor-widget elementor-widget-button\" data-id=\"387f3fb\" data-element_type=\"widget\" data-e-type=\"widget\" data-widget_type=\"button.default\">\n\t\t\t\t<div class=\"elementor-widget-container\">\n\t\t\t\t\t\t\t\t\t<div class=\"elementor-button-wrapper\">\n\t\t\t\t\t<a class=\"elementor-button elementor-button-link elementor-size-sm elementor-animation-float\" href=\"https:\/\/link.bestrongintl.org\/widget\/form\/L5h7hIhhqMDuoI9Q1gUP\" target=\"_blank\">\n\t\t\t\t\t\t<span class=\"elementor-button-content-wrapper\">\n\t\t\t\t\t\t\t\t\t<span class=\"elementor-button-text\">Aprende m\u00e1s<\/span>\n\t\t\t\t\t<\/span>\n\t\t\t\t\t<\/a>\n\t\t\t\t<\/div>\n\t\t\t\t\t\t\t\t<\/div>\n\t\t\t\t<\/div>\n\t\t\t\t\t<\/div>\n\t\t\t\t<\/div>\n\t\t\t\t<\/div>\n\t\t","protected":false},"excerpt":{"rendered":"<p>Be Strong International Es una galardonada organizaci\u00f3n sin fines de lucro que proporciona servicios y recursos educativos hol\u00edsticos a ni\u00f1os, familias y equipos profesionales de los condados de Broward y Miami-Dade a trav\u00e9s de nuestro marco Heart Skills\u00ae. Nuestro objetivo es elevar tanto a los individuos como a las comunidades, ayud\u00e1ndoles a superar barreras y [&hellip;]<\/p>\n","protected":false},"author":17,"featured_media":0,"parent":0,"menu_order":0,"comment_status":"closed","ping_status":"closed","template":"elementor_header_footer","meta":{"_acf_changed":false,"_monsterinsights_skip_tracking":false,"_monsterinsights_sitenote_active":false,"_monsterinsights_sitenote_note":"","_monsterinsights_sitenote_category":0,"footnotes":""},"class_list":["post-308958","page","type-page","status-publish","hentry"],"acf":[],"aioseo_notices":[],"_links":{"self":[{"href":"https:\/\/www.bestrongintl.org\/es\/wp-json\/wp\/v2\/pages\/308958","targetHints":{"allow":["GET"]}}],"collection":[{"href":"https:\/\/www.bestrongintl.org\/es\/wp-json\/wp\/v2\/pages"}],"about":[{"href":"https:\/\/www.bestrongintl.org\/es\/wp-json\/wp\/v2\/types\/page"}],"author":[{"embeddable":true,"href":"https:\/\/www.bestrongintl.org\/es\/wp-json\/wp\/v2\/users\/17"}],"replies":[{"embeddable":true,"href":"https:\/\/www.bestrongintl.org\/es\/wp-json\/wp\/v2\/comments?post=308958"}],"version-history":[{"count":5,"href":"https:\/\/www.bestrongintl.org\/es\/wp-json\/wp\/v2\/pages\/308958\/revisions"}],"predecessor-version":[{"id":312037,"href":"https:\/\/www.bestrongintl.org\/es\/wp-json\/wp\/v2\/pages\/308958\/revisions\/312037"}],"wp:attachment":[{"href":"https:\/\/www.bestrongintl.org\/es\/wp-json\/wp\/v2\/media?parent=308958"}],"curies":[{"name":"wp","href":"https:\/\/api.w.org\/{rel}","templated":true}]}}