{"id":308656,"date":"2021-03-03T03:33:46","date_gmt":"2021-03-03T03:33:46","guid":{"rendered":"https:\/\/www.bestrongintl.org\/product\/social-yaks-conectando-personas-tarjeta-a-tarjeta\/"},"modified":"2025-05-01T00:02:46","modified_gmt":"2025-05-01T00:02:46","slug":"social-yaks-conectando-personas-tarjeta-a-tarjeta","status":"publish","type":"product","link":"https:\/\/www.bestrongintl.org\/es\/producto\/social-yaks-conectando-personas-tarjeta-a-tarjeta\/","title":{"rendered":"Social Yaks &#8211; \u00a1Conectando personas, tarjeta a tarjeta!"},"content":{"rendered":"<p>EL PRECIO DE VENTA EST\u00c1 LIMITADO A 2 UNIDADES POR CLIENTE<\/p>\n<p style=\"text-align: left;\">Social Yaks es un juego de cartas creado por Be Strong<br \/>\nInternacional y dise\u00f1ado para todo tipo de<br \/>\ngrupos, desde desconocidos a mejores amigos: parejas,<br \/>\nfamilias, amigos, compa\u00f1eros de trabajo, estudiantes \u00a1y mucho m\u00e1s! Este juego<br \/>\nromper\u00e1 el hielo y fomentar\u00e1 la conexi\u00f3n y<br \/>\n\u00a1la comprensi\u00f3n! <\/p>\n<p style=\"text-align: left;\">Con cuatro niveles para jugar, \u00a1cada nivel empuja a los jugadores<br \/>\na mostrar perspicacia y compartir sentimientos, experiencias<br \/>\ny recuerdos!<\/p>\n<p style=\"text-align: left;\">Cuando compres Yaks Sociales, todo lo recaudado beneficiar\u00e1 directamente a los j\u00f3venes y a las familias del sur de Florida mediante el apoyo a la expansi\u00f3n de programas y recursos que sirven a las comunidades de bajos ingresos de los condados de Miami-Dade y Broward.<\/p>\n<p>&nbsp;<\/p>\n<p>&nbsp;<\/p>\n","protected":false},"excerpt":{"rendered":"<p>Social Yaks es un juego de cartas creado por Be Strong International y dise\u00f1ado para todo tipo de grupos, desde desconocidos hasta mejores amigos: parejas, familias, amigos, compa\u00f1eros de trabajo, estudiantes \u00a1y mucho m\u00e1s! \u00a1Este juego romper\u00e1 el hielo y fomentar\u00e1 la conexi\u00f3n y el entendimiento!<\/p>\n<p>&nbsp;<\/p>\n<p><em><strong>El precio de venta est\u00e1 limitado a 2 art\u00edculos por cliente*.<\/strong><\/em><\/p>\n","protected":false},"featured_media":305532,"comment_status":"open","ping_status":"closed","template":"","meta":{"_acf_changed":false,"_monsterinsights_skip_tracking":false,"_monsterinsights_sitenote_active":false,"_monsterinsights_sitenote_note":"","_monsterinsights_sitenote_category":0},"product_brand":[],"product_cat":[179],"product_tag":[180],"class_list":{"0":"post-308656","1":"product","2":"type-product","3":"status-publish","4":"has-post-thumbnail","6":"product_cat-sin-categoria","7":"product_tag-yaks-sociales","9":"first","10":"instock","11":"taxable","12":"shipping-taxable","13":"purchasable","14":"product-type-simple"},"acf":[],"aioseo_notices":[],"_links":{"self":[{"href":"https:\/\/www.bestrongintl.org\/es\/wp-json\/wp\/v2\/product\/308656","targetHints":{"allow":["GET"]}}],"collection":[{"href":"https:\/\/www.bestrongintl.org\/es\/wp-json\/wp\/v2\/product"}],"about":[{"href":"https:\/\/www.bestrongintl.org\/es\/wp-json\/wp\/v2\/types\/product"}],"replies":[{"embeddable":true,"href":"https:\/\/www.bestrongintl.org\/es\/wp-json\/wp\/v2\/comments?post=308656"}],"wp:featuredmedia":[{"embeddable":true,"href":"https:\/\/www.bestrongintl.org\/es\/wp-json\/wp\/v2\/media\/305532"}],"wp:attachment":[{"href":"https:\/\/www.bestrongintl.org\/es\/wp-json\/wp\/v2\/media?parent=308656"}],"wp:term":[{"taxonomy":"product_brand","embeddable":true,"href":"https:\/\/www.bestrongintl.org\/es\/wp-json\/wp\/v2\/product_brand?post=308656"},{"taxonomy":"product_cat","embeddable":true,"href":"https:\/\/www.bestrongintl.org\/es\/wp-json\/wp\/v2\/product_cat?post=308656"},{"taxonomy":"product_tag","embeddable":true,"href":"https:\/\/www.bestrongintl.org\/es\/wp-json\/wp\/v2\/product_tag?post=308656"}],"curies":[{"name":"wp","href":"https:\/\/api.w.org\/{rel}","templated":true}]}}