{"id":309074,"date":"2024-11-12T20:47:57","date_gmt":"2024-11-12T20:47:57","guid":{"rendered":"https:\/\/www.bestrongintl.org\/product\/arbol-de-navidad-adorno-love-strong-difunde-el-amor-marca-la-diferencia\/"},"modified":"2024-11-12T20:47:57","modified_gmt":"2024-11-12T20:47:57","slug":"arbol-de-navidad-adorno-love-strong-difunde-el-amor-marca-la-diferencia","status":"publish","type":"product","link":"https:\/\/www.bestrongintl.org\/es\/producto\/arbol-de-navidad-adorno-love-strong-difunde-el-amor-marca-la-diferencia\/","title":{"rendered":"\u00c1rbol de Navidad Adorno Love Strong: Difunde el Amor, Marca la Diferencia"},"content":{"rendered":"<p>El adorno navide\u00f1o Be Strong forma parte de la misi\u00f3n de Be Strong Lifestyle de aportar esperanza y un cambio positivo.<\/p>\n<p>Cada adorno es un s\u00edmbolo de generosidad y compasi\u00f3n, creado para recordarte la diferencia que marcas con cada compra.<\/p>\n<p><img fetchpriority=\"high\" decoding=\"async\" class=\"alignnone size-medium wp-image-306345\" src=\"https:\/\/www.bestrongintl.org\/wp-content\/uploads\/2024\/11\/orn-1-300x199.png\" alt=\"\" width=\"300\" height=\"199\" srcset=\"https:\/\/www.bestrongintl.org\/wp-content\/uploads\/2024\/11\/orn-1-300x199.png 300w, https:\/\/www.bestrongintl.org\/wp-content\/uploads\/2024\/11\/orn-1-600x398.png 600w, https:\/\/www.bestrongintl.org\/wp-content\/uploads\/2024\/11\/orn-1-1024x679.png 1024w, https:\/\/www.bestrongintl.org\/wp-content\/uploads\/2024\/11\/orn-1-768x509.png 768w, https:\/\/www.bestrongintl.org\/wp-content\/uploads\/2024\/11\/orn-1.png 1080w\" sizes=\"(max-width: 300px) 100vw, 300px\" \/><\/p>\n<p>Este adorno especial aporta un toque festivo a tu hogar, a la vez que apoya la misi\u00f3n de Be Strong International de ampliar los programas y servicios que benefician a los j\u00f3venes y las familias de los condados de Miami-Dade y Broward. Peque\u00f1o y ligero, es perfecto para cualquier \u00e1rbol o escaparate navide\u00f1o, combinando a la perfecci\u00f3n con tu decoraci\u00f3n de temporada. <\/p>\n<p><img decoding=\"async\" class=\"alignnone size-medium wp-image-306349\" src=\"https:\/\/www.bestrongintl.org\/wp-content\/uploads\/2024\/11\/orn-3-300x200.png\" alt=\"\" width=\"300\" height=\"200\" srcset=\"https:\/\/www.bestrongintl.org\/wp-content\/uploads\/2024\/11\/orn-3-300x200.png 300w, https:\/\/www.bestrongintl.org\/wp-content\/uploads\/2024\/11\/orn-3-600x400.png 600w, https:\/\/www.bestrongintl.org\/wp-content\/uploads\/2024\/11\/orn-3-1024x683.png 1024w, https:\/\/www.bestrongintl.org\/wp-content\/uploads\/2024\/11\/orn-3-768x512.png 768w, https:\/\/www.bestrongintl.org\/wp-content\/uploads\/2024\/11\/orn-3-272x182.png 272w, https:\/\/www.bestrongintl.org\/wp-content\/uploads\/2024\/11\/orn-3.png 1080w\" sizes=\"(max-width: 300px) 100vw, 300px\" \/><\/p>\n<p>El Adorno S\u00e9 Fuerte representa el esp\u00edritu de dar y ayuda a financiar recursos esenciales que capacitan a las comunidades con bajos ingresos. Cada pieza es un recordatorio de que el cambio empieza con cada uno de nosotros y se extiende a aquellos a quienes levantamos en el camino. <\/p>\n<p>Decora tu \u00e1rbol con un prop\u00f3sito estas fiestas y experimenta el Estilo de Vida Be Strong en acci\u00f3n. Cada adorno comprado contribuye directamente a crear un cambio positivo duradero en la vida de las familias del sur de Florida. <\/p>\n<p><img decoding=\"async\" class=\"alignnone size-medium wp-image-306315\" src=\"https:\/\/www.bestrongintl.org\/wp-content\/uploads\/2024\/11\/Ornament-1-Unit-Social-Media-Size-300x300.jpg\" alt=\"\" width=\"300\" height=\"300\" srcset=\"https:\/\/www.bestrongintl.org\/wp-content\/uploads\/2024\/11\/Ornament-1-Unit-Social-Media-Size-300x300.jpg 300w, https:\/\/www.bestrongintl.org\/wp-content\/uploads\/2024\/11\/Ornament-1-Unit-Social-Media-Size-100x100.jpg 100w, https:\/\/www.bestrongintl.org\/wp-content\/uploads\/2024\/11\/Ornament-1-Unit-Social-Media-Size-600x600.jpg 600w, https:\/\/www.bestrongintl.org\/wp-content\/uploads\/2024\/11\/Ornament-1-Unit-Social-Media-Size-1024x1024.jpg 1024w, https:\/\/www.bestrongintl.org\/wp-content\/uploads\/2024\/11\/Ornament-1-Unit-Social-Media-Size-150x150.jpg 150w, https:\/\/www.bestrongintl.org\/wp-content\/uploads\/2024\/11\/Ornament-1-Unit-Social-Media-Size-768x768.jpg 768w, https:\/\/www.bestrongintl.org\/wp-content\/uploads\/2024\/11\/Ornament-1-Unit-Social-Media-Size-45x45.jpg 45w, https:\/\/www.bestrongintl.org\/wp-content\/uploads\/2024\/11\/Ornament-1-Unit-Social-Media-Size.jpg 1500w\" sizes=\"(max-width: 300px) 100vw, 300px\" \/><\/p>\n<p>S\u00f3lo hay un Objetivo.<\/p>\n<p>UNA COMUNIDAD M\u00c1S BRILLANTE Y M\u00c1S FUERTE<\/p>\n<p>\u00a1A\u00f1ade hoy mismo este significativo adorno a tu decoraci\u00f3n navide\u00f1a!<\/p>\n<p>El \u00fanico adorno que necesitar\u00e1s para marcar la diferencia esta temporada.<\/p>\n<p>DIFUNDE AMOR, DONA AMOR.<\/p>\n","protected":false},"excerpt":{"rendered":"<p>Difunde el amor y marca la diferencia estas fiestas con nuestro Adorno para el \u00c1rbol de Navidad Be Strong. Cada compra apoya a j\u00f3venes y familias, invirtiendo en programas y servicios cr\u00edticos para las comunidades de Miami-Dade y Broward. <\/p>\n","protected":false},"featured_media":0,"comment_status":"open","ping_status":"closed","template":"","meta":{"_acf_changed":false,"_monsterinsights_skip_tracking":false,"_monsterinsights_sitenote_active":false,"_monsterinsights_sitenote_note":"","_monsterinsights_sitenote_category":0},"product_brand":[],"product_cat":[179],"product_tag":[],"class_list":{"0":"post-309074","1":"product","2":"type-product","3":"status-publish","5":"product_cat-sin-categoria","7":"first","8":"instock","9":"taxable","10":"shipping-taxable","11":"product-type-simple"},"acf":[],"aioseo_notices":[],"_links":{"self":[{"href":"https:\/\/www.bestrongintl.org\/es\/wp-json\/wp\/v2\/product\/309074","targetHints":{"allow":["GET"]}}],"collection":[{"href":"https:\/\/www.bestrongintl.org\/es\/wp-json\/wp\/v2\/product"}],"about":[{"href":"https:\/\/www.bestrongintl.org\/es\/wp-json\/wp\/v2\/types\/product"}],"replies":[{"embeddable":true,"href":"https:\/\/www.bestrongintl.org\/es\/wp-json\/wp\/v2\/comments?post=309074"}],"wp:attachment":[{"href":"https:\/\/www.bestrongintl.org\/es\/wp-json\/wp\/v2\/media?parent=309074"}],"wp:term":[{"taxonomy":"product_brand","embeddable":true,"href":"https:\/\/www.bestrongintl.org\/es\/wp-json\/wp\/v2\/product_brand?post=309074"},{"taxonomy":"product_cat","embeddable":true,"href":"https:\/\/www.bestrongintl.org\/es\/wp-json\/wp\/v2\/product_cat?post=309074"},{"taxonomy":"product_tag","embeddable":true,"href":"https:\/\/www.bestrongintl.org\/es\/wp-json\/wp\/v2\/product_tag?post=309074"}],"curies":[{"name":"wp","href":"https:\/\/api.w.org\/{rel}","templated":true}]}}